{"id":183,"date":"2020-12-18T08:14:08","date_gmt":"2020-12-18T08:14:08","guid":{"rendered":"https:\/\/easyhire.info\/ES\/Benidorm\/?page_id=183"},"modified":"2021-01-03T11:33:43","modified_gmt":"2021-01-03T11:33:43","slug":"cart","status":"publish","type":"page","link":"https:\/\/easyhire.info\/ES\/Benidorm\/cart\/","title":{"rendered":"Cart"},"content":{"rendered":"\t\t<div data-elementor-type=\"wp-page\" data-elementor-id=\"183\" class=\"elementor elementor-183\" data-elementor-settings=\"[]\">\n\t\t\t\t\t\t<div class=\"elementor-inner\">\n\t\t\t\t\t\t\t<div class=\"elementor-section-wrap\">\n\t\t\t\t\t\t\t<section class=\"elementor-section elementor-top-section elementor-element elementor-element-fe1121c elementor-section-boxed elementor-section-height-default elementor-section-height-default\" data-id=\"fe1121c\" data-element_type=\"section\">\n\t\t\t\t\t\t<div class=\"elementor-container elementor-column-gap-default\">\n\t\t\t\t\t\t\t<div class=\"elementor-row\">\n\t\t\t\t\t<div class=\"elementor-column elementor-col-100 elementor-top-column elementor-element elementor-element-7abab63\" data-id=\"7abab63\" data-element_type=\"column\">\n\t\t\t<div class=\"elementor-column-wrap elementor-element-populated\">\n\t\t\t\t\t\t\t<div class=\"elementor-widget-wrap\">\n\t\t\t\t\t\t\t\t<\/div>\n\t\t\t\t\t<\/div>\n\t\t<\/div>\n\t\t\t\t\t\t\t\t<\/div>\n\t\t\t\t\t<\/div>\n\t\t<\/section>\n\t\t\t\t\t\t<\/div>\n\t\t\t\t\t\t<\/div>\n\t\t\t\t\t<\/div>\n\t\t","protected":false},"excerpt":{"rendered":"","protected":false},"author":1,"featured_media":0,"parent":0,"menu_order":0,"comment_status":"closed","ping_status":"closed","template":"","meta":[],"yoast_head":"<!-- This site is optimized with the Yoast SEO Premium plugin v15.2 - https:\/\/yoast.com\/wordpress\/plugins\/seo\/ -->\n<title>Alquiler de scooters el\u00e9ctricos y sillas de ruedas EasyHire Benidorm<\/title>\n<meta name=\"description\" content=\"EasyHire l\u00edder en alquiler de scooters de movilidad en Benidorm. Sus art\u00edculos de alquiler cubren el mejor alquiler de scooters el\u00e9ctricos, sillas de ruedas, bicicletas el\u00e9ctricas y varios m\u00e1s, buenos precios + entrega gratuita.\" \/>\n<meta name=\"robots\" content=\"index, follow, max-snippet:-1, max-image-preview:large, max-video-preview:-1\" \/>\n<link rel=\"canonical\" href=\"https:\/\/easyhire.info\/ES\/Benidorm\/cart\/\" \/>\n<meta property=\"og:locale\" content=\"es_ES\" \/>\n<meta property=\"og:type\" content=\"article\" \/>\n<meta property=\"og:title\" content=\"Alquiler de scooters el\u00e9ctricos y sillas de ruedas EasyHire Benidorm\" \/>\n<meta property=\"og:description\" content=\"EasyHire l\u00edder en alquiler de scooters de movilidad en Benidorm. Sus art\u00edculos de alquiler cubren el mejor alquiler de scooters el\u00e9ctricos, sillas de ruedas, bicicletas el\u00e9ctricas y varios m\u00e1s, buenos precios + entrega gratuita.\" \/>\n<meta property=\"og:url\" content=\"https:\/\/easyhire.info\/ES\/Benidorm\/cart\/\" \/>\n<meta property=\"og:site_name\" content=\"Alquiler Scooters de Movilidad Benidorm\" \/>\n<meta property=\"article:modified_time\" content=\"2021-01-03T11:33:43+00:00\" \/>\n<meta name=\"twitter:card\" content=\"summary_large_image\" \/>\n<meta name=\"twitter:label1\" value=\"Escrito por\">\n\t<meta name=\"twitter:data1\" value=\"admin\">\n\t<meta name=\"twitter:label2\" value=\"Tiempo de lectura\">\n\t<meta name=\"twitter:data2\" value=\"0 minutos\">\n<script type=\"application\/ld+json\" class=\"yoast-schema-graph\">{\"@context\":\"https:\/\/schema.org\",\"@graph\":[{\"@type\":[\"Organization\",\"Place\"],\"@id\":\"https:\/\/easyhire.info\/ES\/Benidorm\/#organization\",\"name\":\"Scooter de Movildad El\\u00e9ctricos Benidorm EasyHire\",\"url\":\"https:\/\/easyhire.info\/ES\/Benidorm\/\",\"sameAs\":[],\"logo\":{\"@type\":\"ImageObject\",\"@id\":\"https:\/\/easyhire.info\/ES\/Benidorm\/#logo\",\"inLanguage\":\"es\",\"url\":\"https:\/\/easyhire.info\/ES\/Benidorm\/wp-content\/uploads\/2020\/12\/EH-WORLDWIDE-logo-transparant.png\",\"width\":722,\"height\":262,\"caption\":\"Scooter de Movildad El\\u00e9ctricos Benidorm EasyHire\"},\"image\":{\"@id\":\"https:\/\/easyhire.info\/ES\/Benidorm\/#logo\"},\"location\":{\"@id\":\"https:\/\/easyhire.info\/ES\/Benidorm\/cart\/#local-place\"},\"address\":{\"@id\":\"https:\/\/easyhire.info\/ES\/Benidorm\/cart\/#local-place-address\"}},{\"@type\":\"WebSite\",\"@id\":\"https:\/\/easyhire.info\/ES\/Benidorm\/#website\",\"url\":\"https:\/\/easyhire.info\/ES\/Benidorm\/\",\"name\":\"Alquiler Scooters de Movilidad Benidorm\",\"description\":\"Alquiler de Scooters y Sillas de Ruedas en Benidorm\",\"publisher\":{\"@id\":\"https:\/\/easyhire.info\/ES\/Benidorm\/#organization\"},\"potentialAction\":[{\"@type\":\"SearchAction\",\"target\":\"https:\/\/easyhire.info\/ES\/Benidorm\/?s={search_term_string}\",\"query-input\":\"required name=search_term_string\"}],\"inLanguage\":\"es\"},{\"@type\":\"WebPage\",\"@id\":\"https:\/\/easyhire.info\/ES\/Benidorm\/cart\/#webpage\",\"url\":\"https:\/\/easyhire.info\/ES\/Benidorm\/cart\/\",\"name\":\"Alquiler de scooters el\\u00e9ctricos y sillas de ruedas EasyHire Benidorm\",\"isPartOf\":{\"@id\":\"https:\/\/easyhire.info\/ES\/Benidorm\/#website\"},\"datePublished\":\"2020-12-18T08:14:08+00:00\",\"dateModified\":\"2021-01-03T11:33:43+00:00\",\"description\":\"EasyHire l\\u00edder en alquiler de scooters de movilidad en Benidorm. Sus art\\u00edculos de alquiler cubren el mejor alquiler de scooters el\\u00e9ctricos, sillas de ruedas, bicicletas el\\u00e9ctricas y varios m\\u00e1s, buenos precios + entrega gratuita.\",\"inLanguage\":\"es\",\"potentialAction\":[{\"@type\":\"ReadAction\",\"target\":[\"https:\/\/easyhire.info\/ES\/Benidorm\/cart\/\"]}]},{\"@type\":\"Place\",\"@id\":\"https:\/\/easyhire.info\/ES\/Benidorm\/cart\/#local-place\",\"address\":{\"@type\":\"PostalAddress\",\"@id\":\"https:\/\/easyhire.info\/ES\/Benidorm\/cart\/#local-place-address\",\"streetAddress\":\"\",\"addressLocality\":\"\",\"postalCode\":\"\",\"addressRegion\":\"\",\"addressCountry\":\"\"},\"geo\":{\"@type\":\"GeoCoordinates\",\"latitude\":\"\",\"longitude\":\"\"},\"openingHoursSpecification\":[{\"@type\":\"OpeningHoursSpecification\",\"dayOfWeek\":[\"Monday\",\"Tuesday\",\"Wednesday\",\"Thursday\",\"Friday\",\"Saturday\",\"Sunday\"],\"opens\":\"09:00\",\"closes\":\"17:00\"}]}]}<\/script>\n<!-- \/ Yoast SEO Premium plugin. -->","_links":{"self":[{"href":"https:\/\/easyhire.info\/ES\/Benidorm\/wp-json\/wp\/v2\/pages\/183"}],"collection":[{"href":"https:\/\/easyhire.info\/ES\/Benidorm\/wp-json\/wp\/v2\/pages"}],"about":[{"href":"https:\/\/easyhire.info\/ES\/Benidorm\/wp-json\/wp\/v2\/types\/page"}],"author":[{"embeddable":true,"href":"https:\/\/easyhire.info\/ES\/Benidorm\/wp-json\/wp\/v2\/users\/1"}],"replies":[{"embeddable":true,"href":"https:\/\/easyhire.info\/ES\/Benidorm\/wp-json\/wp\/v2\/comments?post=183"}],"version-history":[{"count":5,"href":"https:\/\/easyhire.info\/ES\/Benidorm\/wp-json\/wp\/v2\/pages\/183\/revisions"}],"predecessor-version":[{"id":485,"href":"https:\/\/easyhire.info\/ES\/Benidorm\/wp-json\/wp\/v2\/pages\/183\/revisions\/485"}],"wp:attachment":[{"href":"https:\/\/easyhire.info\/ES\/Benidorm\/wp-json\/wp\/v2\/media?parent=183"}],"curies":[{"name":"wp","href":"https:\/\/api.w.org\/{rel}","templated":true}]}}