{"id":185,"date":"2020-12-18T08:15:03","date_gmt":"2020-12-18T07:15:03","guid":{"rendered":"https:\/\/easyhire.info\/ES\/Benidorm\/?page_id=185"},"modified":"2021-04-04T10:21:50","modified_gmt":"2021-04-04T08:21:50","slug":"tienda-de-movilidad","status":"publish","type":"page","link":"https:\/\/easyhire.info\/ES\/Benidorm\/tienda-de-movilidad\/","title":{"rendered":"Tienda"},"content":{"rendered":"","protected":false},"excerpt":{"rendered":"","protected":false},"author":1,"featured_media":0,"parent":0,"menu_order":0,"comment_status":"closed","ping_status":"closed","template":"","meta":[],"yoast_head":"<!-- This site is optimized with the Yoast SEO Premium plugin v15.2 - https:\/\/yoast.com\/wordpress\/plugins\/seo\/ -->\n<title>Alquiler de scooters el\u00e9ctricos y sillas de ruedas EasyHire Benidorm<\/title>\n<meta name=\"description\" content=\"EasyHire l\u00edder en alquiler de scooters de movilidad en Benidorm. Sus art\u00edculos de alquiler cubren el mejor alquiler de scooters el\u00e9ctricos, sillas de ruedas, bicicletas el\u00e9ctricas y varios m\u00e1s, buenos precios + entrega gratuita.\" \/>\n<meta name=\"robots\" content=\"index, follow, max-snippet:-1, max-image-preview:large, max-video-preview:-1\" \/>\n<link rel=\"canonical\" href=\"https:\/\/easyhire.info\/ES\/Benidorm\/tienda-de-movilidad\/\" \/>\n<meta property=\"og:locale\" content=\"es_ES\" \/>\n<meta property=\"og:type\" content=\"article\" \/>\n<meta property=\"og:title\" content=\"Alquiler de scooters el\u00e9ctricos y sillas de ruedas EasyHire Benidorm\" \/>\n<meta property=\"og:description\" content=\"EasyHire l\u00edder en alquiler de scooters de movilidad en Benidorm. Sus art\u00edculos de alquiler cubren el mejor alquiler de scooters el\u00e9ctricos, sillas de ruedas, bicicletas el\u00e9ctricas y varios m\u00e1s, buenos precios + entrega gratuita.\" \/>\n<meta property=\"og:url\" content=\"https:\/\/easyhire.info\/ES\/Benidorm\/tienda-de-movilidad\/\" \/>\n<meta property=\"og:site_name\" content=\"Alquiler Scooters de Movilidad Benidorm\" \/>\n<meta property=\"article:modified_time\" content=\"2021-04-04T08:21:50+00:00\" \/>\n<meta name=\"twitter:card\" content=\"summary_large_image\" \/>\n<meta name=\"twitter:label1\" value=\"Escrito por\">\n\t<meta name=\"twitter:data1\" value=\"admin\">\n<script type=\"application\/ld+json\" class=\"yoast-schema-graph\">{\"@context\":\"https:\/\/schema.org\",\"@graph\":[{\"@type\":[\"Organization\",\"Place\"],\"@id\":\"https:\/\/easyhire.info\/ES\/Benidorm\/#organization\",\"name\":\"Scooter de Movildad El\\u00e9ctricos Benidorm EasyHire\",\"url\":\"https:\/\/easyhire.info\/ES\/Benidorm\/\",\"sameAs\":[],\"logo\":{\"@type\":\"ImageObject\",\"@id\":\"https:\/\/easyhire.info\/ES\/Benidorm\/#logo\",\"inLanguage\":\"es\",\"url\":\"https:\/\/easyhire.info\/ES\/Benidorm\/wp-content\/uploads\/2020\/12\/EH-WORLDWIDE-logo-transparant.png\",\"width\":722,\"height\":262,\"caption\":\"Scooter de Movildad El\\u00e9ctricos Benidorm EasyHire\"},\"image\":{\"@id\":\"https:\/\/easyhire.info\/ES\/Benidorm\/#logo\"},\"location\":{\"@id\":\"https:\/\/easyhire.info\/ES\/Benidorm\/tienda-de-movilidad\/#local-place\"},\"address\":{\"@id\":\"https:\/\/easyhire.info\/ES\/Benidorm\/tienda-de-movilidad\/#local-place-address\"}},{\"@type\":\"WebSite\",\"@id\":\"https:\/\/easyhire.info\/ES\/Benidorm\/#website\",\"url\":\"https:\/\/easyhire.info\/ES\/Benidorm\/\",\"name\":\"Alquiler Scooters de Movilidad Benidorm\",\"description\":\"Alquiler de Scooters y Sillas de Ruedas en Benidorm\",\"publisher\":{\"@id\":\"https:\/\/easyhire.info\/ES\/Benidorm\/#organization\"},\"potentialAction\":[{\"@type\":\"SearchAction\",\"target\":\"https:\/\/easyhire.info\/ES\/Benidorm\/?s={search_term_string}\",\"query-input\":\"required name=search_term_string\"}],\"inLanguage\":\"es\"},{\"@type\":\"WebPage\",\"@id\":\"https:\/\/easyhire.info\/ES\/Benidorm\/tienda-de-movilidad\/#webpage\",\"url\":\"https:\/\/easyhire.info\/ES\/Benidorm\/tienda-de-movilidad\/\",\"name\":\"Alquiler de scooters el\\u00e9ctricos y sillas de ruedas EasyHire Benidorm\",\"isPartOf\":{\"@id\":\"https:\/\/easyhire.info\/ES\/Benidorm\/#website\"},\"datePublished\":\"2020-12-18T07:15:03+00:00\",\"dateModified\":\"2021-04-04T08:21:50+00:00\",\"description\":\"EasyHire l\\u00edder en alquiler de scooters de movilidad en Benidorm. Sus art\\u00edculos de alquiler cubren el mejor alquiler de scooters el\\u00e9ctricos, sillas de ruedas, bicicletas el\\u00e9ctricas y varios m\\u00e1s, buenos precios + entrega gratuita.\",\"inLanguage\":\"es\",\"potentialAction\":[{\"@type\":\"ReadAction\",\"target\":[\"https:\/\/easyhire.info\/ES\/Benidorm\/tienda-de-movilidad\/\"]}]},{\"@type\":\"Place\",\"@id\":\"https:\/\/easyhire.info\/ES\/Benidorm\/tienda-de-movilidad\/#local-place\",\"address\":{\"@type\":\"PostalAddress\",\"@id\":\"https:\/\/easyhire.info\/ES\/Benidorm\/tienda-de-movilidad\/#local-place-address\",\"streetAddress\":\"\",\"addressLocality\":\"\",\"postalCode\":\"\",\"addressRegion\":\"\",\"addressCountry\":\"\"},\"geo\":{\"@type\":\"GeoCoordinates\",\"latitude\":\"\",\"longitude\":\"\"},\"openingHoursSpecification\":[{\"@type\":\"OpeningHoursSpecification\",\"dayOfWeek\":[\"Monday\",\"Tuesday\",\"Wednesday\",\"Thursday\",\"Friday\",\"Saturday\",\"Sunday\"],\"opens\":\"09:00\",\"closes\":\"17:00\"}]}]}<\/script>\n<!-- \/ Yoast SEO Premium plugin. -->","_links":{"self":[{"href":"https:\/\/easyhire.info\/ES\/Benidorm\/wp-json\/wp\/v2\/pages\/185"}],"collection":[{"href":"https:\/\/easyhire.info\/ES\/Benidorm\/wp-json\/wp\/v2\/pages"}],"about":[{"href":"https:\/\/easyhire.info\/ES\/Benidorm\/wp-json\/wp\/v2\/types\/page"}],"author":[{"embeddable":true,"href":"https:\/\/easyhire.info\/ES\/Benidorm\/wp-json\/wp\/v2\/users\/1"}],"replies":[{"embeddable":true,"href":"https:\/\/easyhire.info\/ES\/Benidorm\/wp-json\/wp\/v2\/comments?post=185"}],"version-history":[{"count":2,"href":"https:\/\/easyhire.info\/ES\/Benidorm\/wp-json\/wp\/v2\/pages\/185\/revisions"}],"predecessor-version":[{"id":1658,"href":"https:\/\/easyhire.info\/ES\/Benidorm\/wp-json\/wp\/v2\/pages\/185\/revisions\/1658"}],"wp:attachment":[{"href":"https:\/\/easyhire.info\/ES\/Benidorm\/wp-json\/wp\/v2\/media?parent=185"}],"curies":[{"name":"wp","href":"https:\/\/api.w.org\/{rel}","templated":true}]}}