{"id":52,"date":"2020-12-15T19:42:49","date_gmt":"2020-12-15T18:42:49","guid":{"rendered":"https:\/\/easyhire.info\/ES\/Benidorm\/?page_id=52"},"modified":"2024-08-31T13:02:11","modified_gmt":"2024-08-31T11:02:11","slug":"contacto","status":"publish","type":"page","link":"https:\/\/easyhire.info\/ES\/Benidorm\/contacto\/","title":{"rendered":"Contacto"},"content":{"rendered":"\t\t<div data-elementor-type=\"wp-page\" data-elementor-id=\"52\" class=\"elementor elementor-52\" data-elementor-settings=\"[]\">\n\t\t\t\t\t\t<div class=\"elementor-inner\">\n\t\t\t\t\t\t\t<div class=\"elementor-section-wrap\">\n\t\t\t\t\t\t\t<section class=\"elementor-section elementor-top-section elementor-element elementor-element-4be3050 elementor-section-boxed elementor-section-height-default elementor-section-height-default\" data-id=\"4be3050\" data-element_type=\"section\">\n\t\t\t\t\t\t<div class=\"elementor-container elementor-column-gap-default\">\n\t\t\t\t\t\t\t<div class=\"elementor-row\">\n\t\t\t\t\t<div class=\"elementor-column elementor-col-100 elementor-top-column elementor-element elementor-element-500242b\" data-id=\"500242b\" data-element_type=\"column\">\n\t\t\t<div class=\"elementor-column-wrap elementor-element-populated\">\n\t\t\t\t\t\t\t<div class=\"elementor-widget-wrap\">\n\t\t\t\t\t\t<div class=\"elementor-element elementor-element-80d636b elementor-widget elementor-widget-spacer\" data-id=\"80d636b\" data-element_type=\"widget\" data-widget_type=\"spacer.default\">\n\t\t\t\t<div class=\"elementor-widget-container\">\n\t\t\t\t\t<div class=\"elementor-spacer\">\n\t\t\t<div class=\"elementor-spacer-inner\"><\/div>\n\t\t<\/div>\n\t\t\t\t<\/div>\n\t\t\t\t<\/div>\n\t\t\t\t\t\t<\/div>\n\t\t\t\t\t<\/div>\n\t\t<\/div>\n\t\t\t\t\t\t\t\t<\/div>\n\t\t\t\t\t<\/div>\n\t\t<\/section>\n\t\t\t\t<section class=\"elementor-section elementor-top-section elementor-element elementor-element-52e93913 elementor-section-content-middle elementor-section-boxed elementor-section-height-default elementor-section-height-default\" data-id=\"52e93913\" data-element_type=\"section\" data-settings=\"{&quot;background_background&quot;:&quot;classic&quot;}\">\n\t\t\t\t\t\t\t<div class=\"elementor-background-overlay\"><\/div>\n\t\t\t\t\t\t\t<div class=\"elementor-container elementor-column-gap-no\">\n\t\t\t\t\t\t\t<div class=\"elementor-row\">\n\t\t\t\t\t<div class=\"elementor-column elementor-col-100 elementor-top-column elementor-element elementor-element-14044ff9\" data-id=\"14044ff9\" data-element_type=\"column\" data-settings=\"{&quot;background_background&quot;:&quot;classic&quot;}\">\n\t\t\t<div class=\"elementor-column-wrap elementor-element-populated\">\n\t\t\t\t\t\t\t<div class=\"elementor-widget-wrap\">\n\t\t\t\t\t\t<div class=\"elementor-element elementor-element-7afca1f elementor-absolute elementor-widget elementor-widget-heading\" data-id=\"7afca1f\" data-element_type=\"widget\" data-settings=\"{&quot;_position&quot;:&quot;absolute&quot;}\" data-widget_type=\"heading.default\">\n\t\t\t\t<div class=\"elementor-widget-container\">\n\t\t\t<h3 class=\"elementor-heading-title elementor-size-default\">Tiendas<\/h3>\t\t<\/div>\n\t\t\t\t<\/div>\n\t\t\t\t<div class=\"elementor-element elementor-element-a31ac0e elementor-widget elementor-widget-gallery\" data-id=\"a31ac0e\" data-element_type=\"widget\" data-settings=\"{&quot;gallery_layout&quot;:&quot;justified&quot;,&quot;ideal_row_height&quot;:{&quot;unit&quot;:&quot;px&quot;,&quot;size&quot;:116,&quot;sizes&quot;:[]},&quot;gap&quot;:{&quot;unit&quot;:&quot;px&quot;,&quot;size&quot;:8,&quot;sizes&quot;:[]},&quot;lazyload&quot;:&quot;yes&quot;,&quot;ideal_row_height_tablet&quot;:{&quot;unit&quot;:&quot;px&quot;,&quot;size&quot;:150,&quot;sizes&quot;:[]},&quot;ideal_row_height_mobile&quot;:{&quot;unit&quot;:&quot;px&quot;,&quot;size&quot;:150,&quot;sizes&quot;:[]},&quot;gap_tablet&quot;:{&quot;unit&quot;:&quot;px&quot;,&quot;size&quot;:10,&quot;sizes&quot;:[]},&quot;gap_mobile&quot;:{&quot;unit&quot;:&quot;px&quot;,&quot;size&quot;:10,&quot;sizes&quot;:[]},&quot;link_to&quot;:&quot;file&quot;,&quot;overlay_background&quot;:&quot;yes&quot;,&quot;content_hover_animation&quot;:&quot;fade-in&quot;}\" data-widget_type=\"gallery.default\">\n\t\t\t\t<div class=\"elementor-widget-container\">\n\t\t\t\t\t<div class=\"elementor-gallery__container\">\n\t\t\t\t\t\t\t<a class=\"e-gallery-item elementor-gallery-item elementor-animated-content\" href=\"https:\/\/easyhire.info\/ES\/Benidorm\/wp-content\/uploads\/2020\/12\/Eh-1.jpg\" data-elementor-open-lightbox=\"yes\" data-elementor-lightbox-slideshow=\"all-a31ac0e\" data-elementor-lightbox-title=\"Eh 1\">\n\t\t\t\t\t<div class=\"e-gallery-image elementor-gallery-item__image\" data-thumbnail=\"https:\/\/easyhire.info\/ES\/Benidorm\/wp-content\/uploads\/2020\/12\/Eh-1-300x300.jpg\" data-width=\"300\" data-height=\"300\" alt=\"\" ><\/div>\n\t\t\t\t\t\t\t\t\t\t<div class=\"elementor-gallery-item__overlay\"><\/div>\n\t\t\t\t\t\t\t\t\t\t\t\t\t\t<\/a>\n\t\t\t\t\t\t\t<a class=\"e-gallery-item elementor-gallery-item elementor-animated-content\" href=\"https:\/\/easyhire.info\/ES\/Benidorm\/wp-content\/uploads\/2020\/12\/EasyHire-Benidorm-opp.-Rio-Park-Hotel.jpg\" data-elementor-open-lightbox=\"yes\" data-elementor-lightbox-slideshow=\"all-a31ac0e\" data-elementor-lightbox-title=\"EasyHire-Benidorm-opp.-Rio-Park-Hotel\">\n\t\t\t\t\t<div class=\"e-gallery-image elementor-gallery-item__image\" data-thumbnail=\"https:\/\/easyhire.info\/ES\/Benidorm\/wp-content\/uploads\/2020\/12\/EasyHire-Benidorm-opp.-Rio-Park-Hotel-300x169.jpg\" data-width=\"300\" data-height=\"169\" alt=\"\" ><\/div>\n\t\t\t\t\t\t\t\t\t\t<div class=\"elementor-gallery-item__overlay\"><\/div>\n\t\t\t\t\t\t\t\t\t\t\t\t\t\t<\/a>\n\t\t\t\t\t<\/div>\n\t\t\t<\/div>\n\t\t\t\t<\/div>\n\t\t\t\t<div class=\"elementor-element elementor-element-1596058e elementor-position-left elementor-view-default elementor-vertical-align-top elementor-widget elementor-widget-icon-box\" data-id=\"1596058e\" data-element_type=\"widget\" data-widget_type=\"icon-box.default\">\n\t\t\t\t<div class=\"elementor-widget-container\">\n\t\t\t\t\t<div class=\"elementor-icon-box-wrapper\">\n\t\t\t\t\t\t<div class=\"elementor-icon-box-icon\">\n\t\t\t\t<span class=\"elementor-icon elementor-animation-\" >\n\t\t\t\t<i aria-hidden=\"true\" class=\"fas fa-dot-circle\"><\/i>\t\t\t\t<\/span>\n\t\t\t<\/div>\n\t\t\t\t\t\t<div class=\"elementor-icon-box-content\">\n\t\t\t\t<h3 class=\"elementor-icon-box-title\">\n\t\t\t\t\t<span >EasyHire Center 1, Calle Lepanto 19 L15, 03503 Benidorm<\/span>\n\t\t\t\t<\/h3>\n\t\t\t\t\t\t\t\t<p class=\"elementor-icon-box-description\">Horario: lunes - domingo 10.00 to 18.00 (cerrado 14.00 a 15.00)\n                                    <\/p>\n\t\t\t\t\t\t\t<\/div>\n\t\t<\/div>\n\t\t\t\t<\/div>\n\t\t\t\t<\/div>\n\t\t\t\t<div class=\"elementor-element elementor-element-57057fd1 elementor-position-left elementor-view-default elementor-vertical-align-top elementor-widget elementor-widget-icon-box\" data-id=\"57057fd1\" data-element_type=\"widget\" data-widget_type=\"icon-box.default\">\n\t\t\t\t<div class=\"elementor-widget-container\">\n\t\t\t\t\t<div class=\"elementor-icon-box-wrapper\">\n\t\t\t\t\t\t<div class=\"elementor-icon-box-icon\">\n\t\t\t\t<span class=\"elementor-icon elementor-animation-\" >\n\t\t\t\t<i aria-hidden=\"true\" class=\"fas fa-dot-circle\"><\/i>\t\t\t\t<\/span>\n\t\t\t<\/div>\n\t\t\t\t\t\t<div class=\"elementor-icon-box-content\">\n\t\t\t\t<h3 class=\"elementor-icon-box-title\">\n\t\t\t\t\t<span >EasyHire Center 2, Calle Jaen 4 L1, 03503 Benidorm<\/span>\n\t\t\t\t<\/h3>\n\t\t\t\t\t\t\t\t<p class=\"elementor-icon-box-description\">Horario:  lunes - domingo 10.00 to 18.00 (cerrado 14.00 a 15.00)<\/p>\n\t\t\t\t\t\t\t<\/div>\n\t\t<\/div>\n\t\t\t\t<\/div>\n\t\t\t\t<\/div>\n\t\t\t\t<div class=\"elementor-element elementor-element-3dd688d elementor-position-left elementor-view-default elementor-vertical-align-top elementor-widget elementor-widget-icon-box\" data-id=\"3dd688d\" data-element_type=\"widget\" data-widget_type=\"icon-box.default\">\n\t\t\t\t<div class=\"elementor-widget-container\">\n\t\t\t\t\t<div class=\"elementor-icon-box-wrapper\">\n\t\t\t\t\t\t<div class=\"elementor-icon-box-icon\">\n\t\t\t\t<span class=\"elementor-icon elementor-animation-\" >\n\t\t\t\t<i aria-hidden=\"true\" class=\"fas fa-dot-circle\"><\/i>\t\t\t\t<\/span>\n\t\t\t<\/div>\n\t\t\t\t\t\t<div class=\"elementor-icon-box-content\">\n\t\t\t\t<h3 class=\"elementor-icon-box-title\">\n\t\t\t\t\t<span >EasyHire Center 3, Calle Gerona 43 A2, 03503 Benidorm<\/span>\n\t\t\t\t<\/h3>\n\t\t\t\t\t\t\t\t<p class=\"elementor-icon-box-description\">Horario:  lunes - domingo 10.00 to 18.00 (cerrado 14.00 a 15.00)<\/p>\n\t\t\t\t\t\t\t<\/div>\n\t\t<\/div>\n\t\t\t\t<\/div>\n\t\t\t\t<\/div>\n\t\t\t\t<div class=\"elementor-element elementor-element-e08d8a7 elementor-position-left elementor-view-default elementor-vertical-align-top elementor-widget elementor-widget-icon-box\" data-id=\"e08d8a7\" data-element_type=\"widget\" data-widget_type=\"icon-box.default\">\n\t\t\t\t<div class=\"elementor-widget-container\">\n\t\t\t\t\t<div class=\"elementor-icon-box-wrapper\">\n\t\t\t\t\t\t<div class=\"elementor-icon-box-icon\">\n\t\t\t\t<span class=\"elementor-icon elementor-animation-\" >\n\t\t\t\t<i aria-hidden=\"true\" class=\"fas fa-phone-alt\"><\/i>\t\t\t\t<\/span>\n\t\t\t<\/div>\n\t\t\t\t\t\t<div class=\"elementor-icon-box-content\">\n\t\t\t\t<h3 class=\"elementor-icon-box-title\">\n\t\t\t\t\t<span >Int\u00b4+34 966 445 812<\/span>\n\t\t\t\t<\/h3>\n\t\t\t\t\t\t\t<\/div>\n\t\t<\/div>\n\t\t\t\t<\/div>\n\t\t\t\t<\/div>\n\t\t\t\t<div class=\"elementor-element elementor-element-4a5771d elementor-position-left elementor-view-default elementor-vertical-align-top elementor-widget elementor-widget-icon-box\" data-id=\"4a5771d\" data-element_type=\"widget\" data-widget_type=\"icon-box.default\">\n\t\t\t\t<div class=\"elementor-widget-container\">\n\t\t\t\t\t<div class=\"elementor-icon-box-wrapper\">\n\t\t\t\t\t\t<div class=\"elementor-icon-box-icon\">\n\t\t\t\t<span class=\"elementor-icon elementor-animation-\" >\n\t\t\t\t<i aria-hidden=\"true\" class=\"fas fa-phone-alt\"><\/i>\t\t\t\t<\/span>\n\t\t\t<\/div>\n\t\t\t\t\t\t<div class=\"elementor-icon-box-content\">\n\t\t\t\t<h3 class=\"elementor-icon-box-title\">\n\t\t\t\t\t<span >Gratuito 900 900 240<\/span>\n\t\t\t\t<\/h3>\n\t\t\t\t\t\t\t<\/div>\n\t\t<\/div>\n\t\t\t\t<\/div>\n\t\t\t\t<\/div>\n\t\t\t\t\t\t<\/div>\n\t\t\t\t\t<\/div>\n\t\t<\/div>\n\t\t\t\t\t\t\t\t<\/div>\n\t\t\t\t\t<\/div>\n\t\t<\/section>\n\t\t\t\t<section class=\"elementor-section elementor-top-section elementor-element elementor-element-961fbcf elementor-section-boxed elementor-section-height-default elementor-section-height-default\" data-id=\"961fbcf\" data-element_type=\"section\">\n\t\t\t\t\t\t<div class=\"elementor-container elementor-column-gap-default\">\n\t\t\t\t\t\t\t<div class=\"elementor-row\">\n\t\t\t\t\t<div class=\"elementor-column elementor-col-100 elementor-top-column elementor-element elementor-element-1361ae2\" data-id=\"1361ae2\" data-element_type=\"column\">\n\t\t\t<div class=\"elementor-column-wrap elementor-element-populated\">\n\t\t\t\t\t\t\t<div class=\"elementor-widget-wrap\">\n\t\t\t\t\t\t<div class=\"elementor-element elementor-element-006fa93 elementor-widget elementor-widget-spacer\" data-id=\"006fa93\" data-element_type=\"widget\" data-widget_type=\"spacer.default\">\n\t\t\t\t<div class=\"elementor-widget-container\">\n\t\t\t\t\t<div class=\"elementor-spacer\">\n\t\t\t<div class=\"elementor-spacer-inner\"><\/div>\n\t\t<\/div>\n\t\t\t\t<\/div>\n\t\t\t\t<\/div>\n\t\t\t\t\t\t<\/div>\n\t\t\t\t\t<\/div>\n\t\t<\/div>\n\t\t\t\t\t\t\t\t<\/div>\n\t\t\t\t\t<\/div>\n\t\t<\/section>\n\t\t\t\t\t\t<\/div>\n\t\t\t\t\t\t<\/div>\n\t\t\t\t\t<\/div>\n\t\t","protected":false},"excerpt":{"rendered":"<p>Tiendas EasyHire Center 1, Calle Lepanto 19 L15, 03503 Benidorm Horario: lunes &#8211; domingo 10.00 to 18.00 (cerrado 14.00 a 15.00) EasyHire Center 2, Calle Jaen 4 L1, 03503 Benidorm Horario: lunes &#8211; domingo 10.00 to 18.00 (cerrado 14.00 a 15.00) EasyHire Center 3, Calle Gerona 43 A2, 03503 Benidorm Horario: lunes &#8211; domingo 10.00&hellip; <br \/> <a class=\"read-more\" href=\"https:\/\/easyhire.info\/ES\/Benidorm\/contacto\/\">Leer m\u00e1s<\/a><\/p>\n","protected":false},"author":1,"featured_media":0,"parent":0,"menu_order":0,"comment_status":"closed","ping_status":"closed","template":"","meta":[],"yoast_head":"<!-- This site is optimized with the Yoast SEO Premium plugin v15.2 - https:\/\/yoast.com\/wordpress\/plugins\/seo\/ -->\n<title>Alquiler de scooters el\u00e9ctricos y sillas de ruedas EasyHire Benidorm<\/title>\n<meta name=\"description\" content=\"EasyHire l\u00edder en alquiler de scooters de movilidad en Benidorm. Sus art\u00edculos de alquiler cubren el mejor alquiler de scooters el\u00e9ctricos, sillas de ruedas, bicicletas el\u00e9ctricas y varios m\u00e1s, buenos precios + entrega gratuita.\" \/>\n<meta name=\"robots\" content=\"index, follow, max-snippet:-1, max-image-preview:large, max-video-preview:-1\" \/>\n<link rel=\"canonical\" href=\"https:\/\/easyhire.info\/ES\/Benidorm\/contacto\/\" \/>\n<meta property=\"og:locale\" content=\"es_ES\" \/>\n<meta property=\"og:type\" content=\"article\" \/>\n<meta property=\"og:title\" content=\"Alquiler de scooters el\u00e9ctricos y sillas de ruedas EasyHire Benidorm\" \/>\n<meta property=\"og:description\" content=\"EasyHire l\u00edder en alquiler de scooters de movilidad en Benidorm. Sus art\u00edculos de alquiler cubren el mejor alquiler de scooters el\u00e9ctricos, sillas de ruedas, bicicletas el\u00e9ctricas y varios m\u00e1s, buenos precios + entrega gratuita.\" \/>\n<meta property=\"og:url\" content=\"https:\/\/easyhire.info\/ES\/Benidorm\/contacto\/\" \/>\n<meta property=\"og:site_name\" content=\"Alquiler Scooters de Movilidad Benidorm\" \/>\n<meta property=\"article:modified_time\" content=\"2024-08-31T11:02:11+00:00\" \/>\n<meta name=\"twitter:card\" content=\"summary_large_image\" \/>\n<meta name=\"twitter:label1\" value=\"Escrito por\">\n\t<meta name=\"twitter:data1\" value=\"admin\">\n\t<meta name=\"twitter:label2\" value=\"Tiempo de lectura\">\n\t<meta name=\"twitter:data2\" value=\"0 minutos\">\n<script type=\"application\/ld+json\" class=\"yoast-schema-graph\">{\"@context\":\"https:\/\/schema.org\",\"@graph\":[{\"@type\":[\"Organization\",\"Place\"],\"@id\":\"https:\/\/easyhire.info\/ES\/Benidorm\/#organization\",\"name\":\"Scooter de Movildad El\\u00e9ctricos Benidorm EasyHire\",\"url\":\"https:\/\/easyhire.info\/ES\/Benidorm\/\",\"sameAs\":[],\"logo\":{\"@type\":\"ImageObject\",\"@id\":\"https:\/\/easyhire.info\/ES\/Benidorm\/#logo\",\"inLanguage\":\"es\",\"url\":\"https:\/\/easyhire.info\/ES\/Benidorm\/wp-content\/uploads\/2020\/12\/EH-WORLDWIDE-logo-transparant.png\",\"width\":722,\"height\":262,\"caption\":\"Scooter de Movildad El\\u00e9ctricos Benidorm EasyHire\"},\"image\":{\"@id\":\"https:\/\/easyhire.info\/ES\/Benidorm\/#logo\"},\"location\":{\"@id\":\"https:\/\/easyhire.info\/ES\/Benidorm\/contacto\/#local-place\"},\"address\":{\"@id\":\"https:\/\/easyhire.info\/ES\/Benidorm\/contacto\/#local-place-address\"}},{\"@type\":\"WebSite\",\"@id\":\"https:\/\/easyhire.info\/ES\/Benidorm\/#website\",\"url\":\"https:\/\/easyhire.info\/ES\/Benidorm\/\",\"name\":\"Alquiler Scooters de Movilidad Benidorm\",\"description\":\"Alquiler de Scooters y Sillas de Ruedas en Benidorm\",\"publisher\":{\"@id\":\"https:\/\/easyhire.info\/ES\/Benidorm\/#organization\"},\"potentialAction\":[{\"@type\":\"SearchAction\",\"target\":\"https:\/\/easyhire.info\/ES\/Benidorm\/?s={search_term_string}\",\"query-input\":\"required name=search_term_string\"}],\"inLanguage\":\"es\"},{\"@type\":\"WebPage\",\"@id\":\"https:\/\/easyhire.info\/ES\/Benidorm\/contacto\/#webpage\",\"url\":\"https:\/\/easyhire.info\/ES\/Benidorm\/contacto\/\",\"name\":\"Alquiler de scooters el\\u00e9ctricos y sillas de ruedas EasyHire Benidorm\",\"isPartOf\":{\"@id\":\"https:\/\/easyhire.info\/ES\/Benidorm\/#website\"},\"datePublished\":\"2020-12-15T18:42:49+00:00\",\"dateModified\":\"2024-08-31T11:02:11+00:00\",\"description\":\"EasyHire l\\u00edder en alquiler de scooters de movilidad en Benidorm. Sus art\\u00edculos de alquiler cubren el mejor alquiler de scooters el\\u00e9ctricos, sillas de ruedas, bicicletas el\\u00e9ctricas y varios m\\u00e1s, buenos precios + entrega gratuita.\",\"inLanguage\":\"es\",\"potentialAction\":[{\"@type\":\"ReadAction\",\"target\":[\"https:\/\/easyhire.info\/ES\/Benidorm\/contacto\/\"]}]},{\"@type\":\"Place\",\"@id\":\"https:\/\/easyhire.info\/ES\/Benidorm\/contacto\/#local-place\",\"address\":{\"@type\":\"PostalAddress\",\"@id\":\"https:\/\/easyhire.info\/ES\/Benidorm\/contacto\/#local-place-address\",\"streetAddress\":\"\",\"addressLocality\":\"\",\"postalCode\":\"\",\"addressRegion\":\"\",\"addressCountry\":\"\"},\"geo\":{\"@type\":\"GeoCoordinates\",\"latitude\":\"\",\"longitude\":\"\"},\"openingHoursSpecification\":[{\"@type\":\"OpeningHoursSpecification\",\"dayOfWeek\":[\"Monday\",\"Tuesday\",\"Wednesday\",\"Thursday\",\"Friday\",\"Saturday\",\"Sunday\"],\"opens\":\"09:00\",\"closes\":\"17:00\"}]}]}<\/script>\n<!-- \/ Yoast SEO Premium plugin. -->","_links":{"self":[{"href":"https:\/\/easyhire.info\/ES\/Benidorm\/wp-json\/wp\/v2\/pages\/52"}],"collection":[{"href":"https:\/\/easyhire.info\/ES\/Benidorm\/wp-json\/wp\/v2\/pages"}],"about":[{"href":"https:\/\/easyhire.info\/ES\/Benidorm\/wp-json\/wp\/v2\/types\/page"}],"author":[{"embeddable":true,"href":"https:\/\/easyhire.info\/ES\/Benidorm\/wp-json\/wp\/v2\/users\/1"}],"replies":[{"embeddable":true,"href":"https:\/\/easyhire.info\/ES\/Benidorm\/wp-json\/wp\/v2\/comments?post=52"}],"version-history":[{"count":140,"href":"https:\/\/easyhire.info\/ES\/Benidorm\/wp-json\/wp\/v2\/pages\/52\/revisions"}],"predecessor-version":[{"id":1951,"href":"https:\/\/easyhire.info\/ES\/Benidorm\/wp-json\/wp\/v2\/pages\/52\/revisions\/1951"}],"wp:attachment":[{"href":"https:\/\/easyhire.info\/ES\/Benidorm\/wp-json\/wp\/v2\/media?parent=52"}],"curies":[{"name":"wp","href":"https:\/\/api.w.org\/{rel}","templated":true}]}}