{"id":977,"date":"2021-01-12T10:03:42","date_gmt":"2021-01-12T09:03:42","guid":{"rendered":"https:\/\/easyhire.info\/ES\/Benidorm\/?page_id=977"},"modified":"2021-04-05T11:01:51","modified_gmt":"2021-04-05T09:01:51","slug":"rental-process","status":"publish","type":"page","link":"https:\/\/easyhire.info\/ES\/Benidorm\/rental-process\/","title":{"rendered":"Proceso de alquier"},"content":{"rendered":"\t\t<div data-elementor-type=\"wp-page\" data-elementor-id=\"977\" class=\"elementor elementor-977\" data-elementor-settings=\"[]\">\n\t\t\t\t\t\t<div class=\"elementor-inner\">\n\t\t\t\t\t\t\t<div class=\"elementor-section-wrap\">\n\t\t\t\t\t\t\t<section class=\"elementor-section elementor-top-section elementor-element elementor-element-8e33fb7 elementor-section-boxed elementor-section-height-default elementor-section-height-default\" data-id=\"8e33fb7\" data-element_type=\"section\">\n\t\t\t\t\t\t<div class=\"elementor-container elementor-column-gap-default\">\n\t\t\t\t\t\t\t<div class=\"elementor-row\">\n\t\t\t\t\t<div class=\"elementor-column elementor-col-66 elementor-top-column elementor-element elementor-element-628f2a9\" data-id=\"628f2a9\" data-element_type=\"column\">\n\t\t\t<div class=\"elementor-column-wrap elementor-element-populated\">\n\t\t\t\t\t\t\t<div class=\"elementor-widget-wrap\">\n\t\t\t\t\t\t<div class=\"elementor-element elementor-element-cc5b4a4 elementor-widget elementor-widget-spacer\" data-id=\"cc5b4a4\" data-element_type=\"widget\" data-widget_type=\"spacer.default\">\n\t\t\t\t<div class=\"elementor-widget-container\">\n\t\t\t\t\t<div class=\"elementor-spacer\">\n\t\t\t<div class=\"elementor-spacer-inner\"><\/div>\n\t\t<\/div>\n\t\t\t\t<\/div>\n\t\t\t\t<\/div>\n\t\t\t\t<div class=\"elementor-element elementor-element-7ca8330 elementor-widget elementor-widget-heading\" data-id=\"7ca8330\" data-element_type=\"widget\" data-widget_type=\"heading.default\">\n\t\t\t\t<div class=\"elementor-widget-container\">\n\t\t\t<h2 class=\"elementor-heading-title elementor-size-default\">Proceso de alquiler<\/h2>\t\t<\/div>\n\t\t\t\t<\/div>\n\t\t\t\t<div class=\"elementor-element elementor-element-102c6d6 elementor-widget elementor-widget-text-editor\" data-id=\"102c6d6\" data-element_type=\"widget\" data-widget_type=\"text-editor.default\">\n\t\t\t\t<div class=\"elementor-widget-container\">\n\t\t\t\t\t<div class=\"elementor-text-editor elementor-clearfix\"><p>Mucha gente nos ha preguntado \u00ab\u00bfC\u00f3mo hago para alquilar una scooter?\u00bb. En respuesta a esa pregunta, le proporcionamos este sencillo conjunto de instrucciones paso a paso sobre c\u00f3mo reservar su alquiler de veh\u00edculos EasyHire lo m\u00e1s r\u00e1pido posible.<\/p><p>El proceso de alquiler: 5 sencillos pasos<\/p><p>1) P\u00f3ngase en contacto con EasyHire<br \/>2) Facil\u00edtenos los detalles del alquiler.<br \/>3) Reserve el Alquiler.<br \/>4) Usar.<br \/>5) Devoluci\u00f3n.<\/p><p>1) P\u00f3ngase en contacto con EasyHire.<\/p><p>Llame a nuestro n\u00famero gratuito (900 900 240 o internacional, + 34 966 445 812) o visite nuestro sitio web en www.easyhire.info para reservar en l\u00ednea.<\/p><p>2) Facil\u00edtenos los detalles del alquiler.<\/p><p>Cu\u00e9ntenos sobre sus necesidades de alquiler de movilidad (por ejemplo, tipo de veh\u00edculo, destino, tiempo de entrega y cu\u00e1nto tiempo le gustar\u00eda alquilar). Lo m\u00e1s f\u00e1cil es reservar en l\u00ednea a trav\u00e9s de nuestro sitio web. Pero si lo prefiere tambi\u00e9n puede contactarnos por correo electr\u00f3nico o por tel\u00e9fono. EasyHire puede organizar scooters de todos los tama\u00f1os, as\u00ed como sillas de ruedas manuales y el\u00e9ctricas y m\u00e1s. Si no est\u00e1 seguro de cu\u00e1l es el mejor veh\u00edculo para usted, visite nuestra p\u00e1gina de scooters o simplemente preg\u00fantenos. Cada operador de EasyHire conoce bien todos los tipos de veh\u00edculos y podr\u00e1 sugerirle la mejor opci\u00f3n.<\/p><p>EasyHire puede entregar el scooter en su hotel o residencia. Recuerde preguntarnos sobre los arreglos que mejor se adapten a su conveniencia.<\/p><p>Para asegurarnos de que obtenga el scooter adecuado para sus necesidades, tambi\u00e9n requerimos la altura y el peso de la persona que usa el scooter.<\/p><p>Si en general hay alg\u00fan otro requisito especial, h\u00e1ganoslo saber y haremos todo lo posible para satisfacerlo. Tenga en cuenta que las im\u00e1genes en nuestro sitio web son solo para fines ilustrativos, y que el art\u00edculo que suministramos puede ser un modelo diferente.<\/p><p>3) Reserve el Alquiler<\/p><p>En el momento de la reserva no paga nada. El pago se puede realizar contra reembolso cuando est\u00e9 satisfecho con el servicio y el art\u00edculo de alquiler. Aceptamos efectivo (Euros o Libras) y tarjetas de cr\u00e9dito. Con cada alquiler cobraremos un dep\u00f3sito reembolsable de 20 \u20ac adem\u00e1s. El dep\u00f3sito se recibir\u00e1 de vuelta al devolver el veh\u00edculo a tiempo y en las mismas condiciones.<\/p><p>4) Usar.<\/p><p>\u00a1Recoja su scooter en el lugar preestablecido y disfr\u00fatelo! Si lo entregamos en su residencia, aseg\u00farese de que haya alguien all\u00ed para recibirlo a la hora acordada previamente. Si estamos entregando en su hotel, por favor, re\u00fanase con nosotros siempre en la recepci\u00f3n a la hora acordada.<\/p><p>Recuerde cargar el scooter al final de cada d\u00eda para que est\u00e9 listo para usar a la ma\u00f1ana siguiente. La unidad de carga se puede enchufar a cualquier tomacorriente est\u00e1ndar (sugerimos enchufarla durante la noche para obtener la m\u00e1xima potencia).<\/p><p>5) Devoluci\u00f3n.<\/p><p>El art\u00edculo de alquiler debe recogerse en la fecha, hora y lugar indicados en el recibo que recibi\u00f3 cuando se entreg\u00f3.<\/p><\/div>\n\t\t\t\t<\/div>\n\t\t\t\t<\/div>\n\t\t\t\t<div class=\"elementor-element elementor-element-badbf49 elementor-widget elementor-widget-spacer\" data-id=\"badbf49\" data-element_type=\"widget\" data-widget_type=\"spacer.default\">\n\t\t\t\t<div class=\"elementor-widget-container\">\n\t\t\t\t\t<div class=\"elementor-spacer\">\n\t\t\t<div class=\"elementor-spacer-inner\"><\/div>\n\t\t<\/div>\n\t\t\t\t<\/div>\n\t\t\t\t<\/div>\n\t\t\t\t\t\t<\/div>\n\t\t\t\t\t<\/div>\n\t\t<\/div>\n\t\t\t\t<div class=\"elementor-column elementor-col-33 elementor-top-column elementor-element elementor-element-9551932\" data-id=\"9551932\" data-element_type=\"column\">\n\t\t\t<div class=\"elementor-column-wrap elementor-element-populated\">\n\t\t\t\t\t\t\t<div class=\"elementor-widget-wrap\">\n\t\t\t\t\t\t<div class=\"elementor-element elementor-element-ca05545 elementor-widget elementor-widget-spacer\" data-id=\"ca05545\" data-element_type=\"widget\" data-widget_type=\"spacer.default\">\n\t\t\t\t<div class=\"elementor-widget-container\">\n\t\t\t\t\t<div class=\"elementor-spacer\">\n\t\t\t<div class=\"elementor-spacer-inner\"><\/div>\n\t\t<\/div>\n\t\t\t\t<\/div>\n\t\t\t\t<\/div>\n\t\t\t\t<div class=\"elementor-element elementor-element-8945b6b elementor-widget elementor-widget-image\" data-id=\"8945b6b\" data-element_type=\"widget\" data-widget_type=\"image.default\">\n\t\t\t\t<div class=\"elementor-widget-container\">\n\t\t\t\t\t<div class=\"elementor-image\">\n\t\t\t\t\t\t\t\t\t\t<img width=\"889\" height=\"593\" src=\"https:\/\/easyhire.info\/ES\/Benidorm\/wp-content\/uploads\/2020\/12\/noticias-junio-2016_playa-accesible.jpg\" class=\"attachment-large size-large\" alt=\"\" loading=\"lazy\" srcset=\"https:\/\/easyhire.info\/ES\/Benidorm\/wp-content\/uploads\/2020\/12\/noticias-junio-2016_playa-accesible.jpg 889w, https:\/\/easyhire.info\/ES\/Benidorm\/wp-content\/uploads\/2020\/12\/noticias-junio-2016_playa-accesible-600x400.jpg 600w, https:\/\/easyhire.info\/ES\/Benidorm\/wp-content\/uploads\/2020\/12\/noticias-junio-2016_playa-accesible-300x200.jpg 300w, https:\/\/easyhire.info\/ES\/Benidorm\/wp-content\/uploads\/2020\/12\/noticias-junio-2016_playa-accesible-768x512.jpg 768w\" sizes=\"(max-width: 889px) 100vw, 889px\" \/>\t\t\t\t\t\t\t\t\t\t\t<\/div>\n\t\t\t\t<\/div>\n\t\t\t\t<\/div>\n\t\t\t\t<div class=\"elementor-element elementor-element-99ffeeb elementor-widget elementor-widget-image\" data-id=\"99ffeeb\" data-element_type=\"widget\" data-widget_type=\"image.default\">\n\t\t\t\t<div class=\"elementor-widget-container\">\n\t\t\t\t\t<div class=\"elementor-image\">\n\t\t\t\t\t\t\t\t\t\t<img width=\"468\" height=\"286\" src=\"https:\/\/easyhire.info\/ES\/Benidorm\/wp-content\/uploads\/2020\/12\/EasyHire-tandem-scooter.jpg\" class=\"attachment-large size-large\" alt=\"\" loading=\"lazy\" srcset=\"https:\/\/easyhire.info\/ES\/Benidorm\/wp-content\/uploads\/2020\/12\/EasyHire-tandem-scooter.jpg 468w, https:\/\/easyhire.info\/ES\/Benidorm\/wp-content\/uploads\/2020\/12\/EasyHire-tandem-scooter-450x275.jpg 450w, https:\/\/easyhire.info\/ES\/Benidorm\/wp-content\/uploads\/2020\/12\/EasyHire-tandem-scooter-300x183.jpg 300w\" sizes=\"(max-width: 468px) 100vw, 468px\" \/>\t\t\t\t\t\t\t\t\t\t\t<\/div>\n\t\t\t\t<\/div>\n\t\t\t\t<\/div>\n\t\t\t\t<div class=\"elementor-element elementor-element-bf10ad3 elementor-widget elementor-widget-image\" data-id=\"bf10ad3\" data-element_type=\"widget\" data-widget_type=\"image.default\">\n\t\t\t\t<div class=\"elementor-widget-container\">\n\t\t\t\t\t<div class=\"elementor-image\">\n\t\t\t\t\t\t\t\t\t\t<img width=\"1024\" height=\"670\" src=\"https:\/\/easyhire.info\/ES\/Benidorm\/wp-content\/uploads\/2021\/01\/lev-beach-e1609860764624-1024x670.jpg\" class=\"attachment-large size-large\" alt=\"\" loading=\"lazy\" srcset=\"https:\/\/easyhire.info\/ES\/Benidorm\/wp-content\/uploads\/2021\/01\/lev-beach-e1609860764624-1024x670.jpg 1024w, https:\/\/easyhire.info\/ES\/Benidorm\/wp-content\/uploads\/2021\/01\/lev-beach-e1609860764624-600x393.jpg 600w, https:\/\/easyhire.info\/ES\/Benidorm\/wp-content\/uploads\/2021\/01\/lev-beach-e1609860764624-300x196.jpg 300w, https:\/\/easyhire.info\/ES\/Benidorm\/wp-content\/uploads\/2021\/01\/lev-beach-e1609860764624-768x503.jpg 768w, https:\/\/easyhire.info\/ES\/Benidorm\/wp-content\/uploads\/2021\/01\/lev-beach-e1609860764624.jpg 1202w\" sizes=\"(max-width: 1024px) 100vw, 1024px\" \/>\t\t\t\t\t\t\t\t\t\t\t<\/div>\n\t\t\t\t<\/div>\n\t\t\t\t<\/div>\n\t\t\t\t<div class=\"elementor-element elementor-element-4476a93 elementor-widget elementor-widget-image\" data-id=\"4476a93\" data-element_type=\"widget\" data-widget_type=\"image.default\">\n\t\t\t\t<div class=\"elementor-widget-container\">\n\t\t\t\t\t<div class=\"elementor-image\">\n\t\t\t\t\t\t\t\t\t\t<img width=\"334\" height=\"196\" src=\"https:\/\/easyhire.info\/ES\/Benidorm\/wp-content\/uploads\/2021\/01\/slider3.jpg\" class=\"attachment-large size-large\" alt=\"\" loading=\"lazy\" srcset=\"https:\/\/easyhire.info\/ES\/Benidorm\/wp-content\/uploads\/2021\/01\/slider3.jpg 334w, https:\/\/easyhire.info\/ES\/Benidorm\/wp-content\/uploads\/2021\/01\/slider3-300x176.jpg 300w\" sizes=\"(max-width: 334px) 100vw, 334px\" \/>\t\t\t\t\t\t\t\t\t\t\t<\/div>\n\t\t\t\t<\/div>\n\t\t\t\t<\/div>\n\t\t\t\t\t\t<\/div>\n\t\t\t\t\t<\/div>\n\t\t<\/div>\n\t\t\t\t\t\t\t\t<\/div>\n\t\t\t\t\t<\/div>\n\t\t<\/section>\n\t\t\t\t\t\t<\/div>\n\t\t\t\t\t\t<\/div>\n\t\t\t\t\t<\/div>\n\t\t","protected":false},"excerpt":{"rendered":"<p>Proceso de alquiler Mucha gente nos ha preguntado \u00ab\u00bfC\u00f3mo hago para alquilar una scooter?\u00bb. En respuesta a esa pregunta, le proporcionamos este sencillo conjunto de instrucciones paso a paso sobre c\u00f3mo reservar su alquiler de veh\u00edculos EasyHire lo m\u00e1s r\u00e1pido posible. El proceso de alquiler: 5 sencillos pasos 1) P\u00f3ngase en contacto con EasyHire2) Facil\u00edtenos&hellip; <br \/> <a class=\"read-more\" href=\"https:\/\/easyhire.info\/ES\/Benidorm\/rental-process\/\">Leer m\u00e1s<\/a><\/p>\n","protected":false},"author":1,"featured_media":0,"parent":0,"menu_order":0,"comment_status":"closed","ping_status":"closed","template":"","meta":[],"yoast_head":"<!-- This site is optimized with the Yoast SEO Premium plugin v15.2 - https:\/\/yoast.com\/wordpress\/plugins\/seo\/ -->\n<title>Alquiler de scooters el\u00e9ctricos y sillas de ruedas EasyHire Benidorm<\/title>\n<meta name=\"description\" content=\"EasyHire l\u00edder en alquiler de scooters de movilidad en Benidorm. Sus art\u00edculos de alquiler cubren el mejor alquiler de scooters el\u00e9ctricos, sillas de ruedas, bicicletas el\u00e9ctricas y varios m\u00e1s, buenos precios + entrega gratuita.\" \/>\n<meta name=\"robots\" content=\"index, follow, max-snippet:-1, max-image-preview:large, max-video-preview:-1\" \/>\n<link rel=\"canonical\" href=\"https:\/\/easyhire.info\/ES\/Benidorm\/rental-process\/\" \/>\n<meta property=\"og:locale\" content=\"es_ES\" \/>\n<meta property=\"og:type\" content=\"article\" \/>\n<meta property=\"og:title\" content=\"Alquiler de scooters el\u00e9ctricos y sillas de ruedas EasyHire Benidorm\" \/>\n<meta property=\"og:description\" content=\"EasyHire l\u00edder en alquiler de scooters de movilidad en Benidorm. Sus art\u00edculos de alquiler cubren el mejor alquiler de scooters el\u00e9ctricos, sillas de ruedas, bicicletas el\u00e9ctricas y varios m\u00e1s, buenos precios + entrega gratuita.\" \/>\n<meta property=\"og:url\" content=\"https:\/\/easyhire.info\/ES\/Benidorm\/rental-process\/\" \/>\n<meta property=\"og:site_name\" content=\"Alquiler Scooters de Movilidad Benidorm\" \/>\n<meta property=\"article:modified_time\" content=\"2021-04-05T09:01:51+00:00\" \/>\n<meta property=\"og:image\" content=\"https:\/\/easyhire.info\/ES\/Benidorm\/wp-content\/uploads\/2020\/12\/noticias-junio-2016_playa-accesible.jpg\" \/>\n<meta name=\"twitter:card\" content=\"summary_large_image\" \/>\n<meta name=\"twitter:label1\" value=\"Escrito por\">\n\t<meta name=\"twitter:data1\" value=\"admin\">\n\t<meta name=\"twitter:label2\" value=\"Tiempo de lectura\">\n\t<meta name=\"twitter:data2\" value=\"2 minutos\">\n<script type=\"application\/ld+json\" class=\"yoast-schema-graph\">{\"@context\":\"https:\/\/schema.org\",\"@graph\":[{\"@type\":[\"Organization\",\"Place\"],\"@id\":\"https:\/\/easyhire.info\/ES\/Benidorm\/#organization\",\"name\":\"Scooter de Movildad El\\u00e9ctricos Benidorm EasyHire\",\"url\":\"https:\/\/easyhire.info\/ES\/Benidorm\/\",\"sameAs\":[],\"logo\":{\"@type\":\"ImageObject\",\"@id\":\"https:\/\/easyhire.info\/ES\/Benidorm\/#logo\",\"inLanguage\":\"es\",\"url\":\"https:\/\/easyhire.info\/ES\/Benidorm\/wp-content\/uploads\/2020\/12\/EH-WORLDWIDE-logo-transparant.png\",\"width\":722,\"height\":262,\"caption\":\"Scooter de Movildad El\\u00e9ctricos Benidorm EasyHire\"},\"image\":{\"@id\":\"https:\/\/easyhire.info\/ES\/Benidorm\/#logo\"},\"location\":{\"@id\":\"https:\/\/easyhire.info\/ES\/Benidorm\/rental-process\/#local-place\"},\"address\":{\"@id\":\"https:\/\/easyhire.info\/ES\/Benidorm\/rental-process\/#local-place-address\"}},{\"@type\":\"WebSite\",\"@id\":\"https:\/\/easyhire.info\/ES\/Benidorm\/#website\",\"url\":\"https:\/\/easyhire.info\/ES\/Benidorm\/\",\"name\":\"Alquiler Scooters de Movilidad Benidorm\",\"description\":\"Alquiler de Scooters y Sillas de Ruedas en Benidorm\",\"publisher\":{\"@id\":\"https:\/\/easyhire.info\/ES\/Benidorm\/#organization\"},\"potentialAction\":[{\"@type\":\"SearchAction\",\"target\":\"https:\/\/easyhire.info\/ES\/Benidorm\/?s={search_term_string}\",\"query-input\":\"required name=search_term_string\"}],\"inLanguage\":\"es\"},{\"@type\":\"ImageObject\",\"@id\":\"https:\/\/easyhire.info\/ES\/Benidorm\/rental-process\/#primaryimage\",\"inLanguage\":\"es\",\"url\":\"https:\/\/easyhire.info\/ES\/Benidorm\/wp-content\/uploads\/2020\/12\/noticias-junio-2016_playa-accesible.jpg\",\"width\":889,\"height\":593},{\"@type\":\"WebPage\",\"@id\":\"https:\/\/easyhire.info\/ES\/Benidorm\/rental-process\/#webpage\",\"url\":\"https:\/\/easyhire.info\/ES\/Benidorm\/rental-process\/\",\"name\":\"Alquiler de scooters el\\u00e9ctricos y sillas de ruedas EasyHire Benidorm\",\"isPartOf\":{\"@id\":\"https:\/\/easyhire.info\/ES\/Benidorm\/#website\"},\"primaryImageOfPage\":{\"@id\":\"https:\/\/easyhire.info\/ES\/Benidorm\/rental-process\/#primaryimage\"},\"datePublished\":\"2021-01-12T09:03:42+00:00\",\"dateModified\":\"2021-04-05T09:01:51+00:00\",\"description\":\"EasyHire l\\u00edder en alquiler de scooters de movilidad en Benidorm. Sus art\\u00edculos de alquiler cubren el mejor alquiler de scooters el\\u00e9ctricos, sillas de ruedas, bicicletas el\\u00e9ctricas y varios m\\u00e1s, buenos precios + entrega gratuita.\",\"inLanguage\":\"es\",\"potentialAction\":[{\"@type\":\"ReadAction\",\"target\":[\"https:\/\/easyhire.info\/ES\/Benidorm\/rental-process\/\"]}]},{\"@type\":\"Place\",\"@id\":\"https:\/\/easyhire.info\/ES\/Benidorm\/rental-process\/#local-place\",\"address\":{\"@type\":\"PostalAddress\",\"@id\":\"https:\/\/easyhire.info\/ES\/Benidorm\/rental-process\/#local-place-address\",\"streetAddress\":\"\",\"addressLocality\":\"\",\"postalCode\":\"\",\"addressRegion\":\"\",\"addressCountry\":\"\"},\"geo\":{\"@type\":\"GeoCoordinates\",\"latitude\":\"\",\"longitude\":\"\"},\"openingHoursSpecification\":[{\"@type\":\"OpeningHoursSpecification\",\"dayOfWeek\":[\"Monday\",\"Tuesday\",\"Wednesday\",\"Thursday\",\"Friday\",\"Saturday\",\"Sunday\"],\"opens\":\"09:00\",\"closes\":\"17:00\"}]}]}<\/script>\n<!-- \/ Yoast SEO Premium plugin. -->","_links":{"self":[{"href":"https:\/\/easyhire.info\/ES\/Benidorm\/wp-json\/wp\/v2\/pages\/977"}],"collection":[{"href":"https:\/\/easyhire.info\/ES\/Benidorm\/wp-json\/wp\/v2\/pages"}],"about":[{"href":"https:\/\/easyhire.info\/ES\/Benidorm\/wp-json\/wp\/v2\/types\/page"}],"author":[{"embeddable":true,"href":"https:\/\/easyhire.info\/ES\/Benidorm\/wp-json\/wp\/v2\/users\/1"}],"replies":[{"embeddable":true,"href":"https:\/\/easyhire.info\/ES\/Benidorm\/wp-json\/wp\/v2\/comments?post=977"}],"version-history":[{"count":29,"href":"https:\/\/easyhire.info\/ES\/Benidorm\/wp-json\/wp\/v2\/pages\/977\/revisions"}],"predecessor-version":[{"id":1733,"href":"https:\/\/easyhire.info\/ES\/Benidorm\/wp-json\/wp\/v2\/pages\/977\/revisions\/1733"}],"wp:attachment":[{"href":"https:\/\/easyhire.info\/ES\/Benidorm\/wp-json\/wp\/v2\/media?parent=977"}],"curies":[{"name":"wp","href":"https:\/\/api.w.org\/{rel}","templated":true}]}}