{"id":1131,"date":"2021-02-14T10:28:09","date_gmt":"2021-02-14T09:28:09","guid":{"rendered":"https:\/\/easyhire.info\/ES\/Benidorm\/?post_type=product&#038;p=1131"},"modified":"2021-04-09T10:45:10","modified_gmt":"2021-04-09T08:45:10","slug":"oxigen-concentrators","status":"publish","type":"product","link":"https:\/\/easyhire.info\/ES\/Benidorm\/tienda-de-movilidad\/oxygen-concentrators\/oxigen-concentrators\/","title":{"rendered":"Concentrador Oxigeno"},"content":{"rendered":"<p>Alquiler de Concentradores de Ox\u00edgeno en Benidorm<\/p>\n<p>Cada alquiler viene con un nuevo accesorio nasal para la higiene. (en embalaje sellado)<\/p>\n<p>Este concentrador de ox\u00edgeno es un concentrador de ox\u00edgeno estacionario ultracompacto que est\u00e1 dise\u00f1ado para producir hasta 5 litros de ox\u00edgeno por minuto. Le brinda un alto rendimiento para la terapia de ox\u00edgeno intensiva, mientras que tambi\u00e9n es liviano y energ\u00e9ticamente eficiente, pesa 32 libras \u00abLite\u00bb. Entrega hasta 5 litros de ox\u00edgeno continuo y tiene una salida en psig de 7. El perfil peque\u00f1o de la unidad y su bajo peso hacen que sea f\u00e1cil de transportar de una habitaci\u00f3n a otra. Un asa incorporada y cuatro ruedas giratorias permiten que la unidad se deslice por el suelo.<\/p>\n<div class=\"b-product_info-wrap\">\n<div class=\"inner-detail-row-large-right\">\n<p><strong>Oxygen Concentrator Specifications:<\/strong><\/p>\n<div id=\"technical-specifications\" class=\"data item content\" role=\"tabpanel\" data-role=\"content\" aria-labelledby=\"tab-label-technical-specifications\" aria-hidden=\"false\">\n<div class=\"product attibute\">\n<p><strong>Litres Per Minute<br \/>\n<\/strong>0.125 to 5 Litres Continuous Flow<\/p>\n<p><strong>Oxygen Concentration<br \/>\n<\/strong>90% +6.5% \/ -3% at 5LPM<\/p>\n<p>&nbsp;<\/p>\n<\/div>\n<\/div>\n<\/div>\n<p>&nbsp;<\/p>\n<\/div>\n","protected":false},"excerpt":{"rendered":"<p>1 hasta 7 d\u00edas \u20ac150 \/ 8+ d\u00edas \u20ac20 por d\u00eda<\/p>\n","protected":false},"featured_media":1134,"template":"","meta":[],"yoast_head":"<!-- This site is optimized with the Yoast SEO Premium plugin v15.2 - https:\/\/yoast.com\/wordpress\/plugins\/seo\/ -->\n<title>Alquiler Scooters de Movilidad Benidorm Concentrador Oxigeno<\/title>\n<meta name=\"robots\" content=\"index, follow, max-snippet:-1, max-image-preview:large, max-video-preview:-1\" \/>\n<link rel=\"canonical\" href=\"https:\/\/easyhire.info\/ES\/Benidorm\/tienda-de-movilidad\/oxygen-concentrators\/oxigen-concentrators\/\" \/>\n<meta property=\"og:locale\" content=\"es_ES\" \/>\n<meta property=\"og:type\" content=\"article\" \/>\n<meta property=\"og:title\" content=\"Alquiler Scooters de Movilidad Benidorm Concentrador Oxigeno\" \/>\n<meta property=\"og:description\" content=\"1 hasta 7 d\u00edas \u20ac150 \/ 8+ d\u00edas \u20ac20 por d\u00eda\" \/>\n<meta property=\"og:url\" content=\"https:\/\/easyhire.info\/ES\/Benidorm\/tienda-de-movilidad\/oxygen-concentrators\/oxigen-concentrators\/\" \/>\n<meta property=\"og:site_name\" content=\"Alquiler Scooters de Movilidad Benidorm\" \/>\n<meta property=\"article:modified_time\" content=\"2021-04-09T08:45:10+00:00\" \/>\n<meta property=\"og:image\" content=\"https:\/\/easyhire.info\/ES\/Benidorm\/wp-content\/uploads\/2021\/02\/oxygen-concentrator-rental.jpg\" \/>\n\t<meta property=\"og:image:width\" content=\"225\" \/>\n\t<meta property=\"og:image:height\" content=\"225\" \/>\n<meta name=\"twitter:card\" content=\"summary_large_image\" \/>\n<meta name=\"twitter:label1\" value=\"Escrito por\">\n\t<meta name=\"twitter:data1\" value=\"admin\">\n\t<meta name=\"twitter:label2\" value=\"Tiempo de lectura\">\n\t<meta name=\"twitter:data2\" value=\"1 minuto\">\n<script type=\"application\/ld+json\" class=\"yoast-schema-graph\">{\"@context\":\"https:\/\/schema.org\",\"@graph\":[{\"@type\":[\"Organization\",\"Place\"],\"@id\":\"https:\/\/easyhire.info\/ES\/Benidorm\/#organization\",\"name\":\"Scooter de Movildad El\\u00e9ctricos Benidorm EasyHire\",\"url\":\"https:\/\/easyhire.info\/ES\/Benidorm\/\",\"sameAs\":[],\"logo\":{\"@type\":\"ImageObject\",\"@id\":\"https:\/\/easyhire.info\/ES\/Benidorm\/#logo\",\"inLanguage\":\"es\",\"url\":\"https:\/\/easyhire.info\/ES\/Benidorm\/wp-content\/uploads\/2020\/12\/EH-WORLDWIDE-logo-transparant.png\",\"width\":722,\"height\":262,\"caption\":\"Scooter de Movildad El\\u00e9ctricos Benidorm EasyHire\"},\"image\":{\"@id\":\"https:\/\/easyhire.info\/ES\/Benidorm\/#logo\"},\"location\":{\"@id\":\"https:\/\/easyhire.info\/ES\/Benidorm\/tienda-de-movilidad\/oxygen-concentrators\/oxigen-concentrators\/#local-place\"},\"address\":{\"@id\":\"https:\/\/easyhire.info\/ES\/Benidorm\/tienda-de-movilidad\/oxygen-concentrators\/oxigen-concentrators\/#local-place-address\"}},{\"@type\":\"WebSite\",\"@id\":\"https:\/\/easyhire.info\/ES\/Benidorm\/#website\",\"url\":\"https:\/\/easyhire.info\/ES\/Benidorm\/\",\"name\":\"Alquiler Scooters de Movilidad Benidorm\",\"description\":\"Alquiler de Scooters y Sillas de Ruedas en Benidorm\",\"publisher\":{\"@id\":\"https:\/\/easyhire.info\/ES\/Benidorm\/#organization\"},\"potentialAction\":[{\"@type\":\"SearchAction\",\"target\":\"https:\/\/easyhire.info\/ES\/Benidorm\/?s={search_term_string}\",\"query-input\":\"required name=search_term_string\"}],\"inLanguage\":\"es\"},{\"@type\":\"ImageObject\",\"@id\":\"https:\/\/easyhire.info\/ES\/Benidorm\/tienda-de-movilidad\/oxygen-concentrators\/oxigen-concentrators\/#primaryimage\",\"inLanguage\":\"es\",\"url\":\"https:\/\/easyhire.info\/ES\/Benidorm\/wp-content\/uploads\/2021\/02\/oxygen-concentrator-rental.jpg\",\"width\":225,\"height\":225},{\"@type\":\"WebPage\",\"@id\":\"https:\/\/easyhire.info\/ES\/Benidorm\/tienda-de-movilidad\/oxygen-concentrators\/oxigen-concentrators\/#webpage\",\"url\":\"https:\/\/easyhire.info\/ES\/Benidorm\/tienda-de-movilidad\/oxygen-concentrators\/oxigen-concentrators\/\",\"name\":\"Alquiler Scooters de Movilidad Benidorm Concentrador Oxigeno\",\"isPartOf\":{\"@id\":\"https:\/\/easyhire.info\/ES\/Benidorm\/#website\"},\"primaryImageOfPage\":{\"@id\":\"https:\/\/easyhire.info\/ES\/Benidorm\/tienda-de-movilidad\/oxygen-concentrators\/oxigen-concentrators\/#primaryimage\"},\"datePublished\":\"2021-02-14T09:28:09+00:00\",\"dateModified\":\"2021-04-09T08:45:10+00:00\",\"inLanguage\":\"es\",\"potentialAction\":[{\"@type\":\"ReadAction\",\"target\":[\"https:\/\/easyhire.info\/ES\/Benidorm\/tienda-de-movilidad\/oxygen-concentrators\/oxigen-concentrators\/\"]}]},{\"@type\":\"Place\",\"@id\":\"https:\/\/easyhire.info\/ES\/Benidorm\/tienda-de-movilidad\/oxygen-concentrators\/oxigen-concentrators\/#local-place\",\"address\":{\"@type\":\"PostalAddress\",\"@id\":\"https:\/\/easyhire.info\/ES\/Benidorm\/tienda-de-movilidad\/oxygen-concentrators\/oxigen-concentrators\/#local-place-address\",\"streetAddress\":\"\",\"addressLocality\":\"\",\"postalCode\":\"\",\"addressRegion\":\"\",\"addressCountry\":\"\"},\"geo\":{\"@type\":\"GeoCoordinates\",\"latitude\":\"\",\"longitude\":\"\"},\"openingHoursSpecification\":[{\"@type\":\"OpeningHoursSpecification\",\"dayOfWeek\":[\"Monday\",\"Tuesday\",\"Wednesday\",\"Thursday\",\"Friday\",\"Saturday\",\"Sunday\"],\"opens\":\"09:00\",\"closes\":\"17:00\"}]}]}<\/script>\n<!-- \/ Yoast SEO Premium plugin. -->","_links":{"self":[{"href":"https:\/\/easyhire.info\/ES\/Benidorm\/wp-json\/wp\/v2\/product\/1131"}],"collection":[{"href":"https:\/\/easyhire.info\/ES\/Benidorm\/wp-json\/wp\/v2\/product"}],"about":[{"href":"https:\/\/easyhire.info\/ES\/Benidorm\/wp-json\/wp\/v2\/types\/product"}],"wp:featuredmedia":[{"embeddable":true,"href":"https:\/\/easyhire.info\/ES\/Benidorm\/wp-json\/wp\/v2\/media\/1134"}],"wp:attachment":[{"href":"https:\/\/easyhire.info\/ES\/Benidorm\/wp-json\/wp\/v2\/media?parent=1131"}],"curies":[{"name":"wp","href":"https:\/\/api.w.org\/{rel}","templated":true}]}}