{"id":276,"date":"2020-12-25T11:48:30","date_gmt":"2020-12-25T10:48:30","guid":{"rendered":"https:\/\/easyhire.info\/ES\/Benidorm\/?post_type=product&#038;p=276"},"modified":"2021-04-09T09:18:43","modified_gmt":"2021-04-09T07:18:43","slug":"basic-powerchair","status":"publish","type":"product","link":"https:\/\/easyhire.info\/ES\/Benidorm\/tienda-de-movilidad\/alquiler-silla-ruedas-electricas\/basic-powerchair\/","title":{"rendered":"Silla El\u00e9ctrica Basica"},"content":{"rendered":"<p>Silla el\u00e9ctrica b\u00e1sica, f\u00e1cil de usar.<\/p>\n<p>Se puede desmontar para su transporte.<\/p>\n<p>Alcance 35 kil\u00f3metros.<\/p>\n<p>&nbsp;<\/p>\n<p>** EasyHire no recomienda sillas el\u00e9ctricas a personas que no tengan experiencia en el uso de sillas el\u00e9ctricas. Se necesita algo de pr\u00e1ctica para sentirse c\u00f3modo usando estas sillas. Para las personas menos experimentadas, recomendamos un scooter de movilidad peque\u00f1o o mediano.<\/p>\n","protected":false},"excerpt":{"rendered":"<p>3 D\u00edas \u20ac33 \/ \u20ac55 Semana \/ \u20ac200 Mes<\/p>\n","protected":false},"featured_media":112,"template":"","meta":[],"yoast_head":"<!-- This site is optimized with the Yoast SEO Premium plugin v15.2 - https:\/\/yoast.com\/wordpress\/plugins\/seo\/ -->\n<title>Alquiler Scooters de Movilidad Benidorm Silla El\u00e9ctrica Basica<\/title>\n<meta name=\"robots\" content=\"index, follow, max-snippet:-1, max-image-preview:large, max-video-preview:-1\" \/>\n<link rel=\"canonical\" href=\"https:\/\/easyhire.info\/ES\/Benidorm\/tienda-de-movilidad\/alquiler-silla-ruedas-electricas\/basic-powerchair\/\" \/>\n<meta property=\"og:locale\" content=\"es_ES\" \/>\n<meta property=\"og:type\" content=\"article\" \/>\n<meta property=\"og:title\" content=\"Alquiler Scooters de Movilidad Benidorm Silla El\u00e9ctrica Basica\" \/>\n<meta property=\"og:description\" content=\"3 D\u00edas \u20ac33 \/ \u20ac55 Semana \/ \u20ac200 Mes\" \/>\n<meta property=\"og:url\" content=\"https:\/\/easyhire.info\/ES\/Benidorm\/tienda-de-movilidad\/alquiler-silla-ruedas-electricas\/basic-powerchair\/\" \/>\n<meta property=\"og:site_name\" content=\"Alquiler Scooters de Movilidad Benidorm\" \/>\n<meta property=\"article:modified_time\" content=\"2021-04-09T07:18:43+00:00\" \/>\n<meta property=\"og:image\" content=\"https:\/\/easyhire.info\/ES\/Benidorm\/wp-content\/uploads\/2020\/12\/Powerchair.jpg\" \/>\n\t<meta property=\"og:image:width\" content=\"265\" \/>\n\t<meta property=\"og:image:height\" content=\"265\" \/>\n<meta name=\"twitter:card\" content=\"summary_large_image\" \/>\n<meta name=\"twitter:label1\" value=\"Escrito por\">\n\t<meta name=\"twitter:data1\" value=\"admin\">\n\t<meta name=\"twitter:label2\" value=\"Tiempo de lectura\">\n\t<meta name=\"twitter:data2\" value=\"0 minutos\">\n<script type=\"application\/ld+json\" class=\"yoast-schema-graph\">{\"@context\":\"https:\/\/schema.org\",\"@graph\":[{\"@type\":[\"Organization\",\"Place\"],\"@id\":\"https:\/\/easyhire.info\/ES\/Benidorm\/#organization\",\"name\":\"Scooter de Movildad El\\u00e9ctricos Benidorm EasyHire\",\"url\":\"https:\/\/easyhire.info\/ES\/Benidorm\/\",\"sameAs\":[],\"logo\":{\"@type\":\"ImageObject\",\"@id\":\"https:\/\/easyhire.info\/ES\/Benidorm\/#logo\",\"inLanguage\":\"es\",\"url\":\"https:\/\/easyhire.info\/ES\/Benidorm\/wp-content\/uploads\/2020\/12\/EH-WORLDWIDE-logo-transparant.png\",\"width\":722,\"height\":262,\"caption\":\"Scooter de Movildad El\\u00e9ctricos Benidorm EasyHire\"},\"image\":{\"@id\":\"https:\/\/easyhire.info\/ES\/Benidorm\/#logo\"},\"location\":{\"@id\":\"https:\/\/easyhire.info\/ES\/Benidorm\/tienda-de-movilidad\/alquiler-silla-ruedas-electricas\/basic-powerchair\/#local-place\"},\"address\":{\"@id\":\"https:\/\/easyhire.info\/ES\/Benidorm\/tienda-de-movilidad\/alquiler-silla-ruedas-electricas\/basic-powerchair\/#local-place-address\"}},{\"@type\":\"WebSite\",\"@id\":\"https:\/\/easyhire.info\/ES\/Benidorm\/#website\",\"url\":\"https:\/\/easyhire.info\/ES\/Benidorm\/\",\"name\":\"Alquiler Scooters de Movilidad Benidorm\",\"description\":\"Alquiler de Scooters y Sillas de Ruedas en Benidorm\",\"publisher\":{\"@id\":\"https:\/\/easyhire.info\/ES\/Benidorm\/#organization\"},\"potentialAction\":[{\"@type\":\"SearchAction\",\"target\":\"https:\/\/easyhire.info\/ES\/Benidorm\/?s={search_term_string}\",\"query-input\":\"required name=search_term_string\"}],\"inLanguage\":\"es\"},{\"@type\":\"ImageObject\",\"@id\":\"https:\/\/easyhire.info\/ES\/Benidorm\/tienda-de-movilidad\/alquiler-silla-ruedas-electricas\/basic-powerchair\/#primaryimage\",\"inLanguage\":\"es\",\"url\":\"https:\/\/easyhire.info\/ES\/Benidorm\/wp-content\/uploads\/2020\/12\/Powerchair.jpg\",\"width\":265,\"height\":265,\"caption\":\"Sillas el\\u00e9ctricas\"},{\"@type\":\"WebPage\",\"@id\":\"https:\/\/easyhire.info\/ES\/Benidorm\/tienda-de-movilidad\/alquiler-silla-ruedas-electricas\/basic-powerchair\/#webpage\",\"url\":\"https:\/\/easyhire.info\/ES\/Benidorm\/tienda-de-movilidad\/alquiler-silla-ruedas-electricas\/basic-powerchair\/\",\"name\":\"Alquiler Scooters de Movilidad Benidorm Silla El\\u00e9ctrica Basica\",\"isPartOf\":{\"@id\":\"https:\/\/easyhire.info\/ES\/Benidorm\/#website\"},\"primaryImageOfPage\":{\"@id\":\"https:\/\/easyhire.info\/ES\/Benidorm\/tienda-de-movilidad\/alquiler-silla-ruedas-electricas\/basic-powerchair\/#primaryimage\"},\"datePublished\":\"2020-12-25T10:48:30+00:00\",\"dateModified\":\"2021-04-09T07:18:43+00:00\",\"inLanguage\":\"es\",\"potentialAction\":[{\"@type\":\"ReadAction\",\"target\":[\"https:\/\/easyhire.info\/ES\/Benidorm\/tienda-de-movilidad\/alquiler-silla-ruedas-electricas\/basic-powerchair\/\"]}]},{\"@type\":\"Place\",\"@id\":\"https:\/\/easyhire.info\/ES\/Benidorm\/tienda-de-movilidad\/alquiler-silla-ruedas-electricas\/basic-powerchair\/#local-place\",\"address\":{\"@type\":\"PostalAddress\",\"@id\":\"https:\/\/easyhire.info\/ES\/Benidorm\/tienda-de-movilidad\/alquiler-silla-ruedas-electricas\/basic-powerchair\/#local-place-address\",\"streetAddress\":\"\",\"addressLocality\":\"\",\"postalCode\":\"\",\"addressRegion\":\"\",\"addressCountry\":\"\"},\"geo\":{\"@type\":\"GeoCoordinates\",\"latitude\":\"\",\"longitude\":\"\"},\"openingHoursSpecification\":[{\"@type\":\"OpeningHoursSpecification\",\"dayOfWeek\":[\"Monday\",\"Tuesday\",\"Wednesday\",\"Thursday\",\"Friday\",\"Saturday\",\"Sunday\"],\"opens\":\"09:00\",\"closes\":\"17:00\"}]}]}<\/script>\n<!-- \/ Yoast SEO Premium plugin. -->","_links":{"self":[{"href":"https:\/\/easyhire.info\/ES\/Benidorm\/wp-json\/wp\/v2\/product\/276"}],"collection":[{"href":"https:\/\/easyhire.info\/ES\/Benidorm\/wp-json\/wp\/v2\/product"}],"about":[{"href":"https:\/\/easyhire.info\/ES\/Benidorm\/wp-json\/wp\/v2\/types\/product"}],"wp:featuredmedia":[{"embeddable":true,"href":"https:\/\/easyhire.info\/ES\/Benidorm\/wp-json\/wp\/v2\/media\/112"}],"wp:attachment":[{"href":"https:\/\/easyhire.info\/ES\/Benidorm\/wp-json\/wp\/v2\/media?parent=276"}],"curies":[{"name":"wp","href":"https:\/\/api.w.org\/{rel}","templated":true}]}}