{"id":280,"date":"2020-12-25T11:57:52","date_gmt":"2020-12-25T10:57:52","guid":{"rendered":"https:\/\/easyhire.info\/ES\/Benidorm\/?post_type=product&#038;p=280"},"modified":"2021-04-09T09:22:55","modified_gmt":"2021-04-09T07:22:55","slug":"snappy-type-powerchair","status":"publish","type":"product","link":"https:\/\/easyhire.info\/ES\/Benidorm\/tienda-de-movilidad\/alquiler-silla-ruedas-electricas\/snappy-type-powerchair\/","title":{"rendered":"Snappy (Tipo) Silla El\u00e9ctrica"},"content":{"rendered":"<p>Las sillas el\u00e9ctricas Snappy son f\u00e1ciles de usar y se ven amigables.<\/p>\n<p>Estas sillas el\u00e9ctricas NO se pueden desmontar para su transporte.<\/p>\n<p>Alcance 35 kil\u00f3metros.<\/p>\n<p>&nbsp;<\/p>\n<p>** EasyHire no recomienda sillas el\u00e9ctricas a personas que no tengan experiencia en el uso de sillas el\u00e9ctricas. Se necesita algo de pr\u00e1ctica para sentirse c\u00f3modo usando estas sillas. Para las personas menos experimentadas, recomendamos un scooter de movilidad peque\u00f1o o mediano.<\/p>\n<p>&nbsp;<\/p>\n<p>&nbsp;<\/p>\n","protected":false},"excerpt":{"rendered":"<p>3 D\u00edas \u20ac33 \/ \u20ac55 Semana \/ \u20ac200 Mes<\/p>\n","protected":false},"featured_media":281,"template":"","meta":[],"yoast_head":"<!-- This site is optimized with the Yoast SEO Premium plugin v15.2 - https:\/\/yoast.com\/wordpress\/plugins\/seo\/ -->\n<title>Alquiler Scooters de Movilidad Benidorm Snappy (Tipo) Silla El\u00e9ctrica<\/title>\n<meta name=\"description\" content=\"Powerchair hire Benidorm. EasyHire rents several types electric wheelchairs. Have your powerchair delivery free to any accommodation with EasyHire.\" \/>\n<meta name=\"robots\" content=\"index, follow, max-snippet:-1, max-image-preview:large, max-video-preview:-1\" \/>\n<link rel=\"canonical\" href=\"https:\/\/easyhire.info\/ES\/Benidorm\/tienda-de-movilidad\/alquiler-silla-ruedas-electricas\/snappy-type-powerchair\/\" \/>\n<meta property=\"og:locale\" content=\"es_ES\" \/>\n<meta property=\"og:type\" content=\"article\" \/>\n<meta property=\"og:title\" content=\"Alquiler Scooters de Movilidad Benidorm Snappy (Tipo) Silla El\u00e9ctrica\" \/>\n<meta property=\"og:description\" content=\"Powerchair hire Benidorm. EasyHire rents several types electric wheelchairs. Have your powerchair delivery free to any accommodation with EasyHire.\" \/>\n<meta property=\"og:url\" content=\"https:\/\/easyhire.info\/ES\/Benidorm\/tienda-de-movilidad\/alquiler-silla-ruedas-electricas\/snappy-type-powerchair\/\" \/>\n<meta property=\"og:site_name\" content=\"Alquiler Scooters de Movilidad Benidorm\" \/>\n<meta property=\"article:modified_time\" content=\"2021-04-09T07:22:55+00:00\" \/>\n<meta property=\"og:image\" content=\"https:\/\/easyhire.info\/ES\/Benidorm\/wp-content\/uploads\/2020\/12\/Snappy.jpg\" \/>\n\t<meta property=\"og:image:width\" content=\"150\" \/>\n\t<meta property=\"og:image:height\" content=\"199\" \/>\n<meta name=\"twitter:card\" content=\"summary_large_image\" \/>\n<meta name=\"twitter:label1\" value=\"Escrito por\">\n\t<meta name=\"twitter:data1\" value=\"admin\">\n\t<meta name=\"twitter:label2\" value=\"Tiempo de lectura\">\n\t<meta name=\"twitter:data2\" value=\"0 minutos\">\n<script type=\"application\/ld+json\" class=\"yoast-schema-graph\">{\"@context\":\"https:\/\/schema.org\",\"@graph\":[{\"@type\":[\"Organization\",\"Place\"],\"@id\":\"https:\/\/easyhire.info\/ES\/Benidorm\/#organization\",\"name\":\"Scooter de Movildad El\\u00e9ctricos Benidorm EasyHire\",\"url\":\"https:\/\/easyhire.info\/ES\/Benidorm\/\",\"sameAs\":[],\"logo\":{\"@type\":\"ImageObject\",\"@id\":\"https:\/\/easyhire.info\/ES\/Benidorm\/#logo\",\"inLanguage\":\"es\",\"url\":\"https:\/\/easyhire.info\/ES\/Benidorm\/wp-content\/uploads\/2020\/12\/EH-WORLDWIDE-logo-transparant.png\",\"width\":722,\"height\":262,\"caption\":\"Scooter de Movildad El\\u00e9ctricos Benidorm EasyHire\"},\"image\":{\"@id\":\"https:\/\/easyhire.info\/ES\/Benidorm\/#logo\"},\"location\":{\"@id\":\"https:\/\/easyhire.info\/ES\/Benidorm\/tienda-de-movilidad\/alquiler-silla-ruedas-electricas\/snappy-type-powerchair\/#local-place\"},\"address\":{\"@id\":\"https:\/\/easyhire.info\/ES\/Benidorm\/tienda-de-movilidad\/alquiler-silla-ruedas-electricas\/snappy-type-powerchair\/#local-place-address\"}},{\"@type\":\"WebSite\",\"@id\":\"https:\/\/easyhire.info\/ES\/Benidorm\/#website\",\"url\":\"https:\/\/easyhire.info\/ES\/Benidorm\/\",\"name\":\"Alquiler Scooters de Movilidad Benidorm\",\"description\":\"Alquiler de Scooters y Sillas de Ruedas en Benidorm\",\"publisher\":{\"@id\":\"https:\/\/easyhire.info\/ES\/Benidorm\/#organization\"},\"potentialAction\":[{\"@type\":\"SearchAction\",\"target\":\"https:\/\/easyhire.info\/ES\/Benidorm\/?s={search_term_string}\",\"query-input\":\"required name=search_term_string\"}],\"inLanguage\":\"es\"},{\"@type\":\"ImageObject\",\"@id\":\"https:\/\/easyhire.info\/ES\/Benidorm\/tienda-de-movilidad\/alquiler-silla-ruedas-electricas\/snappy-type-powerchair\/#primaryimage\",\"inLanguage\":\"es\",\"url\":\"https:\/\/easyhire.info\/ES\/Benidorm\/wp-content\/uploads\/2020\/12\/Snappy.jpg\",\"width\":150,\"height\":199},{\"@type\":\"WebPage\",\"@id\":\"https:\/\/easyhire.info\/ES\/Benidorm\/tienda-de-movilidad\/alquiler-silla-ruedas-electricas\/snappy-type-powerchair\/#webpage\",\"url\":\"https:\/\/easyhire.info\/ES\/Benidorm\/tienda-de-movilidad\/alquiler-silla-ruedas-electricas\/snappy-type-powerchair\/\",\"name\":\"Alquiler Scooters de Movilidad Benidorm Snappy (Tipo) Silla El\\u00e9ctrica\",\"isPartOf\":{\"@id\":\"https:\/\/easyhire.info\/ES\/Benidorm\/#website\"},\"primaryImageOfPage\":{\"@id\":\"https:\/\/easyhire.info\/ES\/Benidorm\/tienda-de-movilidad\/alquiler-silla-ruedas-electricas\/snappy-type-powerchair\/#primaryimage\"},\"datePublished\":\"2020-12-25T10:57:52+00:00\",\"dateModified\":\"2021-04-09T07:22:55+00:00\",\"description\":\"Powerchair hire Benidorm. EasyHire rents several types electric wheelchairs. Have your powerchair delivery free to any accommodation with EasyHire.\",\"inLanguage\":\"es\",\"potentialAction\":[{\"@type\":\"ReadAction\",\"target\":[\"https:\/\/easyhire.info\/ES\/Benidorm\/tienda-de-movilidad\/alquiler-silla-ruedas-electricas\/snappy-type-powerchair\/\"]}]},{\"@type\":\"Place\",\"@id\":\"https:\/\/easyhire.info\/ES\/Benidorm\/tienda-de-movilidad\/alquiler-silla-ruedas-electricas\/snappy-type-powerchair\/#local-place\",\"address\":{\"@type\":\"PostalAddress\",\"@id\":\"https:\/\/easyhire.info\/ES\/Benidorm\/tienda-de-movilidad\/alquiler-silla-ruedas-electricas\/snappy-type-powerchair\/#local-place-address\",\"streetAddress\":\"\",\"addressLocality\":\"\",\"postalCode\":\"\",\"addressRegion\":\"\",\"addressCountry\":\"\"},\"geo\":{\"@type\":\"GeoCoordinates\",\"latitude\":\"\",\"longitude\":\"\"},\"openingHoursSpecification\":[{\"@type\":\"OpeningHoursSpecification\",\"dayOfWeek\":[\"Monday\",\"Tuesday\",\"Wednesday\",\"Thursday\",\"Friday\",\"Saturday\",\"Sunday\"],\"opens\":\"09:00\",\"closes\":\"17:00\"}]}]}<\/script>\n<!-- \/ Yoast SEO Premium plugin. -->","_links":{"self":[{"href":"https:\/\/easyhire.info\/ES\/Benidorm\/wp-json\/wp\/v2\/product\/280"}],"collection":[{"href":"https:\/\/easyhire.info\/ES\/Benidorm\/wp-json\/wp\/v2\/product"}],"about":[{"href":"https:\/\/easyhire.info\/ES\/Benidorm\/wp-json\/wp\/v2\/types\/product"}],"wp:featuredmedia":[{"embeddable":true,"href":"https:\/\/easyhire.info\/ES\/Benidorm\/wp-json\/wp\/v2\/media\/281"}],"wp:attachment":[{"href":"https:\/\/easyhire.info\/ES\/Benidorm\/wp-json\/wp\/v2\/media?parent=280"}],"curies":[{"name":"wp","href":"https:\/\/api.w.org\/{rel}","templated":true}]}}