{"id":284,"date":"2020-12-26T12:21:56","date_gmt":"2020-12-26T11:21:56","guid":{"rendered":"https:\/\/easyhire.info\/ES\/Benidorm\/?post_type=product&#038;p=284"},"modified":"2021-04-09T09:32:54","modified_gmt":"2021-04-09T07:32:54","slug":"transit-wheelchair","status":"publish","type":"product","link":"https:\/\/easyhire.info\/ES\/Benidorm\/tienda-de-movilidad\/alquiler-silla-benidorm\/transit-wheelchair\/","title":{"rendered":"Silla de Ruedas (transito)"},"content":{"rendered":"<p>Las sillas de ruedas Transit son ultraligeras y tienen asas y frenos de mano plegables, dise\u00f1ados para un f\u00e1cil transporte.<\/p>\n","protected":false},"excerpt":{"rendered":"<p>3 d\u00edas \u20ac15 \/ \u20ac30 semana \/ \u20ac90 mes<\/p>\n","protected":false},"featured_media":285,"template":"","meta":[],"yoast_head":"<!-- This site is optimized with the Yoast SEO Premium plugin v15.2 - https:\/\/yoast.com\/wordpress\/plugins\/seo\/ -->\n<title>Alquiler Scooters de Movilidad Benidorm Silla de Ruedas (transito)<\/title>\n<meta name=\"description\" content=\"Alquiler de silla de ruedas Transit Benidorm. EasyHire alquila una gama completa de sillas de ruedas. Sillas de ruedas peque\u00f1as, medianas o grandes y tambi\u00e9n sillas de ruedas de tr\u00e1nsito. EasyHire ofrece env\u00edo gratuito a cualquier alojamiento.\" \/>\n<meta name=\"robots\" content=\"index, follow, max-snippet:-1, max-image-preview:large, max-video-preview:-1\" \/>\n<link rel=\"canonical\" href=\"https:\/\/easyhire.info\/ES\/Benidorm\/tienda-de-movilidad\/alquiler-silla-benidorm\/transit-wheelchair\/\" \/>\n<meta property=\"og:locale\" content=\"es_ES\" \/>\n<meta property=\"og:type\" content=\"article\" \/>\n<meta property=\"og:title\" content=\"Alquiler Scooters de Movilidad Benidorm Silla de Ruedas (transito)\" \/>\n<meta property=\"og:description\" content=\"Alquiler de silla de ruedas Transit Benidorm. EasyHire alquila una gama completa de sillas de ruedas. Sillas de ruedas peque\u00f1as, medianas o grandes y tambi\u00e9n sillas de ruedas de tr\u00e1nsito. EasyHire ofrece env\u00edo gratuito a cualquier alojamiento.\" \/>\n<meta property=\"og:url\" content=\"https:\/\/easyhire.info\/ES\/Benidorm\/tienda-de-movilidad\/alquiler-silla-benidorm\/transit-wheelchair\/\" \/>\n<meta property=\"og:site_name\" content=\"Alquiler Scooters de Movilidad Benidorm\" \/>\n<meta property=\"article:modified_time\" content=\"2021-04-09T07:32:54+00:00\" \/>\n<meta property=\"og:image\" content=\"https:\/\/easyhire.info\/ES\/Benidorm\/wp-content\/uploads\/2020\/12\/Transit-Wheelchair.jpg\" \/>\n\t<meta property=\"og:image:width\" content=\"550\" \/>\n\t<meta property=\"og:image:height\" content=\"550\" \/>\n<meta name=\"twitter:card\" content=\"summary_large_image\" \/>\n<meta name=\"twitter:label1\" value=\"Escrito por\">\n\t<meta name=\"twitter:data1\" value=\"admin\">\n\t<meta name=\"twitter:label2\" value=\"Tiempo de lectura\">\n\t<meta name=\"twitter:data2\" value=\"0 minutos\">\n<script type=\"application\/ld+json\" class=\"yoast-schema-graph\">{\"@context\":\"https:\/\/schema.org\",\"@graph\":[{\"@type\":[\"Organization\",\"Place\"],\"@id\":\"https:\/\/easyhire.info\/ES\/Benidorm\/#organization\",\"name\":\"Scooter de Movildad El\\u00e9ctricos Benidorm EasyHire\",\"url\":\"https:\/\/easyhire.info\/ES\/Benidorm\/\",\"sameAs\":[],\"logo\":{\"@type\":\"ImageObject\",\"@id\":\"https:\/\/easyhire.info\/ES\/Benidorm\/#logo\",\"inLanguage\":\"es\",\"url\":\"https:\/\/easyhire.info\/ES\/Benidorm\/wp-content\/uploads\/2020\/12\/EH-WORLDWIDE-logo-transparant.png\",\"width\":722,\"height\":262,\"caption\":\"Scooter de Movildad El\\u00e9ctricos Benidorm EasyHire\"},\"image\":{\"@id\":\"https:\/\/easyhire.info\/ES\/Benidorm\/#logo\"},\"location\":{\"@id\":\"https:\/\/easyhire.info\/ES\/Benidorm\/tienda-de-movilidad\/alquiler-silla-benidorm\/transit-wheelchair\/#local-place\"},\"address\":{\"@id\":\"https:\/\/easyhire.info\/ES\/Benidorm\/tienda-de-movilidad\/alquiler-silla-benidorm\/transit-wheelchair\/#local-place-address\"}},{\"@type\":\"WebSite\",\"@id\":\"https:\/\/easyhire.info\/ES\/Benidorm\/#website\",\"url\":\"https:\/\/easyhire.info\/ES\/Benidorm\/\",\"name\":\"Alquiler Scooters de Movilidad Benidorm\",\"description\":\"Alquiler de Scooters y Sillas de Ruedas en Benidorm\",\"publisher\":{\"@id\":\"https:\/\/easyhire.info\/ES\/Benidorm\/#organization\"},\"potentialAction\":[{\"@type\":\"SearchAction\",\"target\":\"https:\/\/easyhire.info\/ES\/Benidorm\/?s={search_term_string}\",\"query-input\":\"required name=search_term_string\"}],\"inLanguage\":\"es\"},{\"@type\":\"ImageObject\",\"@id\":\"https:\/\/easyhire.info\/ES\/Benidorm\/tienda-de-movilidad\/alquiler-silla-benidorm\/transit-wheelchair\/#primaryimage\",\"inLanguage\":\"es\",\"url\":\"https:\/\/easyhire.info\/ES\/Benidorm\/wp-content\/uploads\/2020\/12\/Transit-Wheelchair.jpg\",\"width\":550,\"height\":550},{\"@type\":\"WebPage\",\"@id\":\"https:\/\/easyhire.info\/ES\/Benidorm\/tienda-de-movilidad\/alquiler-silla-benidorm\/transit-wheelchair\/#webpage\",\"url\":\"https:\/\/easyhire.info\/ES\/Benidorm\/tienda-de-movilidad\/alquiler-silla-benidorm\/transit-wheelchair\/\",\"name\":\"Alquiler Scooters de Movilidad Benidorm Silla de Ruedas (transito)\",\"isPartOf\":{\"@id\":\"https:\/\/easyhire.info\/ES\/Benidorm\/#website\"},\"primaryImageOfPage\":{\"@id\":\"https:\/\/easyhire.info\/ES\/Benidorm\/tienda-de-movilidad\/alquiler-silla-benidorm\/transit-wheelchair\/#primaryimage\"},\"datePublished\":\"2020-12-26T11:21:56+00:00\",\"dateModified\":\"2021-04-09T07:32:54+00:00\",\"description\":\"Alquiler de silla de ruedas Transit Benidorm. EasyHire alquila una gama completa de sillas de ruedas. Sillas de ruedas peque\\u00f1as, medianas o grandes y tambi\\u00e9n sillas de ruedas de tr\\u00e1nsito. EasyHire ofrece env\\u00edo gratuito a cualquier alojamiento.\",\"inLanguage\":\"es\",\"potentialAction\":[{\"@type\":\"ReadAction\",\"target\":[\"https:\/\/easyhire.info\/ES\/Benidorm\/tienda-de-movilidad\/alquiler-silla-benidorm\/transit-wheelchair\/\"]}]},{\"@type\":\"Place\",\"@id\":\"https:\/\/easyhire.info\/ES\/Benidorm\/tienda-de-movilidad\/alquiler-silla-benidorm\/transit-wheelchair\/#local-place\",\"address\":{\"@type\":\"PostalAddress\",\"@id\":\"https:\/\/easyhire.info\/ES\/Benidorm\/tienda-de-movilidad\/alquiler-silla-benidorm\/transit-wheelchair\/#local-place-address\",\"streetAddress\":\"\",\"addressLocality\":\"\",\"postalCode\":\"\",\"addressRegion\":\"\",\"addressCountry\":\"\"},\"geo\":{\"@type\":\"GeoCoordinates\",\"latitude\":\"\",\"longitude\":\"\"},\"openingHoursSpecification\":[{\"@type\":\"OpeningHoursSpecification\",\"dayOfWeek\":[\"Monday\",\"Tuesday\",\"Wednesday\",\"Thursday\",\"Friday\",\"Saturday\",\"Sunday\"],\"opens\":\"09:00\",\"closes\":\"17:00\"}]}]}<\/script>\n<!-- \/ Yoast SEO Premium plugin. -->","_links":{"self":[{"href":"https:\/\/easyhire.info\/ES\/Benidorm\/wp-json\/wp\/v2\/product\/284"}],"collection":[{"href":"https:\/\/easyhire.info\/ES\/Benidorm\/wp-json\/wp\/v2\/product"}],"about":[{"href":"https:\/\/easyhire.info\/ES\/Benidorm\/wp-json\/wp\/v2\/types\/product"}],"wp:featuredmedia":[{"embeddable":true,"href":"https:\/\/easyhire.info\/ES\/Benidorm\/wp-json\/wp\/v2\/media\/285"}],"wp:attachment":[{"href":"https:\/\/easyhire.info\/ES\/Benidorm\/wp-json\/wp\/v2\/media?parent=284"}],"curies":[{"name":"wp","href":"https:\/\/api.w.org\/{rel}","templated":true}]}}