{"id":347,"date":"2021-01-01T10:09:15","date_gmt":"2021-01-01T09:09:15","guid":{"rendered":"https:\/\/easyhire.info\/ES\/Benidorm\/?post_type=product&#038;p=347"},"modified":"2022-03-17T22:11:16","modified_gmt":"2022-03-17T21:11:16","slug":"ebikes","status":"publish","type":"product","link":"https:\/\/easyhire.info\/ES\/Benidorm\/tienda-de-movilidad\/bicycle-hire-benidorm\/ebikes\/","title":{"rendered":"Bicicleta El\u00e9ctrica"},"content":{"rendered":"<p>Tenemos bicicletas el\u00e9ctricas de buena calidad, estas son plegables y tienen 7 marchas. Est\u00e1n equipados con una bater\u00eda de litio (12Ah) y se pueden cargar en unas pocas horas. El alcance que puede esperar es de unos 60 kil\u00f3metros. Las bicicletas se completan con bloqueo de ruedas y un cable de bloqueo adicional. Se pueden suministrar cascos.<\/p>\n<p>La imagen es el modelo real disponible.<\/p>\n","protected":false},"excerpt":{"rendered":"<p>3 dias \u20ac45 \/ \u20ac70 semana \/ \u20ac220 mes<\/p>\n","protected":false},"featured_media":348,"template":"","meta":[],"yoast_head":"<!-- This site is optimized with the Yoast SEO Premium plugin v15.2 - https:\/\/yoast.com\/wordpress\/plugins\/seo\/ -->\n<title>Alquiler Scooters de Movilidad Benidorm Bicicleta El\u00e9ctrica<\/title>\n<meta name=\"description\" content=\"Alquile su bicicleta el\u00e9ctrica en EasyHire Benidorm. Alquiler de bicicletas el\u00e9ctricas los 7 d\u00edas de la semana con env\u00edo gratuito. Alquiler de bicicletas el\u00e9ctricas de calidad con una autonom\u00eda de 50 kil\u00f3metros.\" \/>\n<meta name=\"robots\" content=\"index, follow, max-snippet:-1, max-image-preview:large, max-video-preview:-1\" \/>\n<link rel=\"canonical\" href=\"https:\/\/easyhire.info\/ES\/Benidorm\/tienda-de-movilidad\/bicycle-hire-benidorm\/ebikes\/\" \/>\n<meta property=\"og:locale\" content=\"es_ES\" \/>\n<meta property=\"og:type\" content=\"article\" \/>\n<meta property=\"og:title\" content=\"Alquiler Scooters de Movilidad Benidorm Bicicleta El\u00e9ctrica\" \/>\n<meta property=\"og:description\" content=\"Alquile su bicicleta el\u00e9ctrica en EasyHire Benidorm. Alquiler de bicicletas el\u00e9ctricas los 7 d\u00edas de la semana con env\u00edo gratuito. Alquiler de bicicletas el\u00e9ctricas de calidad con una autonom\u00eda de 50 kil\u00f3metros.\" \/>\n<meta property=\"og:url\" content=\"https:\/\/easyhire.info\/ES\/Benidorm\/tienda-de-movilidad\/bicycle-hire-benidorm\/ebikes\/\" \/>\n<meta property=\"og:site_name\" content=\"Alquiler Scooters de Movilidad Benidorm\" \/>\n<meta property=\"article:modified_time\" content=\"2022-03-17T21:11:16+00:00\" \/>\n<meta property=\"og:image\" content=\"https:\/\/easyhire.info\/ES\/Benidorm\/wp-content\/uploads\/2021\/01\/ebike-black.jpg\" \/>\n\t<meta property=\"og:image:width\" content=\"800\" \/>\n\t<meta property=\"og:image:height\" content=\"533\" \/>\n<meta name=\"twitter:card\" content=\"summary_large_image\" \/>\n<meta name=\"twitter:label1\" value=\"Escrito por\">\n\t<meta name=\"twitter:data1\" value=\"admin\">\n\t<meta name=\"twitter:label2\" value=\"Tiempo de lectura\">\n\t<meta name=\"twitter:data2\" value=\"0 minutos\">\n<script type=\"application\/ld+json\" class=\"yoast-schema-graph\">{\"@context\":\"https:\/\/schema.org\",\"@graph\":[{\"@type\":[\"Organization\",\"Place\"],\"@id\":\"https:\/\/easyhire.info\/ES\/Benidorm\/#organization\",\"name\":\"Scooter de Movildad El\\u00e9ctricos Benidorm EasyHire\",\"url\":\"https:\/\/easyhire.info\/ES\/Benidorm\/\",\"sameAs\":[],\"logo\":{\"@type\":\"ImageObject\",\"@id\":\"https:\/\/easyhire.info\/ES\/Benidorm\/#logo\",\"inLanguage\":\"es\",\"url\":\"https:\/\/easyhire.info\/ES\/Benidorm\/wp-content\/uploads\/2020\/12\/EH-WORLDWIDE-logo-transparant.png\",\"width\":722,\"height\":262,\"caption\":\"Scooter de Movildad El\\u00e9ctricos Benidorm EasyHire\"},\"image\":{\"@id\":\"https:\/\/easyhire.info\/ES\/Benidorm\/#logo\"},\"location\":{\"@id\":\"https:\/\/easyhire.info\/ES\/Benidorm\/tienda-de-movilidad\/bicycle-hire-benidorm\/ebikes\/#local-place\"},\"address\":{\"@id\":\"https:\/\/easyhire.info\/ES\/Benidorm\/tienda-de-movilidad\/bicycle-hire-benidorm\/ebikes\/#local-place-address\"}},{\"@type\":\"WebSite\",\"@id\":\"https:\/\/easyhire.info\/ES\/Benidorm\/#website\",\"url\":\"https:\/\/easyhire.info\/ES\/Benidorm\/\",\"name\":\"Alquiler Scooters de Movilidad Benidorm\",\"description\":\"Alquiler de Scooters y Sillas de Ruedas en Benidorm\",\"publisher\":{\"@id\":\"https:\/\/easyhire.info\/ES\/Benidorm\/#organization\"},\"potentialAction\":[{\"@type\":\"SearchAction\",\"target\":\"https:\/\/easyhire.info\/ES\/Benidorm\/?s={search_term_string}\",\"query-input\":\"required name=search_term_string\"}],\"inLanguage\":\"es\"},{\"@type\":\"ImageObject\",\"@id\":\"https:\/\/easyhire.info\/ES\/Benidorm\/tienda-de-movilidad\/bicycle-hire-benidorm\/ebikes\/#primaryimage\",\"inLanguage\":\"es\",\"url\":\"https:\/\/easyhire.info\/ES\/Benidorm\/wp-content\/uploads\/2021\/01\/ebike-black.jpg\",\"width\":800,\"height\":533},{\"@type\":\"WebPage\",\"@id\":\"https:\/\/easyhire.info\/ES\/Benidorm\/tienda-de-movilidad\/bicycle-hire-benidorm\/ebikes\/#webpage\",\"url\":\"https:\/\/easyhire.info\/ES\/Benidorm\/tienda-de-movilidad\/bicycle-hire-benidorm\/ebikes\/\",\"name\":\"Alquiler Scooters de Movilidad Benidorm Bicicleta El\\u00e9ctrica\",\"isPartOf\":{\"@id\":\"https:\/\/easyhire.info\/ES\/Benidorm\/#website\"},\"primaryImageOfPage\":{\"@id\":\"https:\/\/easyhire.info\/ES\/Benidorm\/tienda-de-movilidad\/bicycle-hire-benidorm\/ebikes\/#primaryimage\"},\"datePublished\":\"2021-01-01T09:09:15+00:00\",\"dateModified\":\"2022-03-17T21:11:16+00:00\",\"description\":\"Alquile su bicicleta el\\u00e9ctrica en EasyHire Benidorm. Alquiler de bicicletas el\\u00e9ctricas los 7 d\\u00edas de la semana con env\\u00edo gratuito. Alquiler de bicicletas el\\u00e9ctricas de calidad con una autonom\\u00eda de 50 kil\\u00f3metros.\",\"inLanguage\":\"es\",\"potentialAction\":[{\"@type\":\"ReadAction\",\"target\":[\"https:\/\/easyhire.info\/ES\/Benidorm\/tienda-de-movilidad\/bicycle-hire-benidorm\/ebikes\/\"]}]},{\"@type\":\"Place\",\"@id\":\"https:\/\/easyhire.info\/ES\/Benidorm\/tienda-de-movilidad\/bicycle-hire-benidorm\/ebikes\/#local-place\",\"address\":{\"@type\":\"PostalAddress\",\"@id\":\"https:\/\/easyhire.info\/ES\/Benidorm\/tienda-de-movilidad\/bicycle-hire-benidorm\/ebikes\/#local-place-address\",\"streetAddress\":\"\",\"addressLocality\":\"\",\"postalCode\":\"\",\"addressRegion\":\"\",\"addressCountry\":\"\"},\"geo\":{\"@type\":\"GeoCoordinates\",\"latitude\":\"\",\"longitude\":\"\"},\"openingHoursSpecification\":[{\"@type\":\"OpeningHoursSpecification\",\"dayOfWeek\":[\"Monday\",\"Tuesday\",\"Wednesday\",\"Thursday\",\"Friday\",\"Saturday\",\"Sunday\"],\"opens\":\"09:00\",\"closes\":\"17:00\"}]}]}<\/script>\n<!-- \/ Yoast SEO Premium plugin. -->","_links":{"self":[{"href":"https:\/\/easyhire.info\/ES\/Benidorm\/wp-json\/wp\/v2\/product\/347"}],"collection":[{"href":"https:\/\/easyhire.info\/ES\/Benidorm\/wp-json\/wp\/v2\/product"}],"about":[{"href":"https:\/\/easyhire.info\/ES\/Benidorm\/wp-json\/wp\/v2\/types\/product"}],"wp:featuredmedia":[{"embeddable":true,"href":"https:\/\/easyhire.info\/ES\/Benidorm\/wp-json\/wp\/v2\/media\/348"}],"wp:attachment":[{"href":"https:\/\/easyhire.info\/ES\/Benidorm\/wp-json\/wp\/v2\/media?parent=347"}],"curies":[{"name":"wp","href":"https:\/\/api.w.org\/{rel}","templated":true}]}}